{"id":640,"date":"2020-11-07T12:50:56","date_gmt":"2020-11-07T12:50:56","guid":{"rendered":"http:\/\/el.commonsupport.com\/newwp\/transida\/?page_id=640"},"modified":"2026-04-20T21:44:43","modified_gmt":"2026-04-20T21:44:43","slug":"antrepozitare","status":"publish","type":"page","link":"https:\/\/elvada.ro\/en\/antrepozitare\/","title":{"rendered":"Bonded Warehouse"},"content":{"rendered":"<div data-elementor-type=\"wp-page\" data-elementor-id=\"640\" class=\"elementor elementor-640\">\n\t\t\t\t\t\t<section class=\"elementor-section elementor-top-section elementor-element elementor-element-6ebe6f8 elementor-section-full_width elementor-section-height-default elementor-section-height-default\" data-id=\"6ebe6f8\" data-element_type=\"section\" data-e-type=\"section\">\n\t\t\t\t\t\t<div class=\"elementor-container elementor-column-gap-default\">\n\t\t\t\t\t<div class=\"elementor-column elementor-col-100 elementor-top-column elementor-element elementor-element-5139439\" data-id=\"5139439\" data-element_type=\"column\" data-e-type=\"column\">\n\t\t\t<div class=\"elementor-widget-wrap elementor-element-populated\">\n\t\t\t\t\t\t<div class=\"elementor-element elementor-element-d32cfa6 elementor-widget elementor-widget-transida_banner_v4\" data-id=\"d32cfa6\" data-element_type=\"widget\" data-e-type=\"widget\" data-widget_type=\"transida_banner_v4.default\">\n\t\t\t\t<div class=\"elementor-widget-container\">\n\t\t\t\t\t        \n        <!-- Bnner Section Two -->\n        <section class=\"banner-section-two\" style=\"background-image: url(https:\/\/elvada.ro\/wp-content\/uploads\/2022\/11\/AntrepozitareMain.jpg);\">\n           <div class=\"auto-container\">\n                <div class=\"text-block\">\n                    <h4>Elvada Group<\/h4>\n                    <h1>Bonded Warehouse<\/h1>\n                    <div class=\"text\"><\/div>\n                    <div class=\"icon-box-wrapper\">\n                                                <div class=\"icon-box\">\n                                                        <h5><\/h5>\n                        <\/div>\n                                            <\/div>\n                    <div class=\"link-box\">\n                        <a href=\"https:\/\/elvada.ro\/en\/contact\/\" class=\"theme-btn btn-style-one\"><span><i class=\"flaticon-up-arrow\"><\/i>Contact us <\/span><\/a>\n                    <\/div>\n                <\/div>\n            <\/div>\n        <\/section>\n        <!-- End Bnner Section -->\n            \n\t\t\t\t\t\t<\/div>\n\t\t\t\t<\/div>\n\t\t\t\t\t<\/div>\n\t\t<\/div>\n\t\t\t\t\t<\/div>\n\t\t<\/section>\n\t\t\t\t<section class=\"elementor-section elementor-top-section elementor-element elementor-element-641937e elementor-section-full_width elementor-section-height-default elementor-section-height-default\" data-id=\"641937e\" data-element_type=\"section\" data-e-type=\"section\">\n\t\t\t\t\t\t<div class=\"elementor-container elementor-column-gap-default\">\n\t\t\t\t\t<div class=\"elementor-column elementor-col-100 elementor-top-column elementor-element elementor-element-16c7c2c\" data-id=\"16c7c2c\" data-element_type=\"column\" data-e-type=\"column\">\n\t\t\t<div class=\"elementor-widget-wrap elementor-element-populated\">\n\t\t\t\t\t\t<div class=\"elementor-element elementor-element-a8fb85b elementor-widget elementor-widget-transida_service_single\" data-id=\"a8fb85b\" data-element_type=\"widget\" data-e-type=\"widget\" data-widget_type=\"transida_service_single.default\">\n\t\t\t\t<div class=\"elementor-widget-container\">\n\t\t\t\t\t        \n        <!-- service details -->\n        <section class=\"service-details\">\n            <div class=\"auto-container\">\n                <div class=\"row\">\n                    <div class=\"col-lg-8 content-side order-lg-2\">\n                        <div class=\"image-block\">\n                            <div class=\"row\">\n                                                                <div class=\"col-lg-6\">\n                                    <div class=\"image\">\n                                        <img decoding=\"async\" src=\"https:\/\/elvada.ro\/wp-content\/uploads\/2023\/07\/Depozit7-1.jpg\" alt=\"Awesome Image\">\n                                        <div class=\"text-block\">\n                                            <h4>Bonded Warehouse<\/h4>\n                                            <div class=\"text\">Depozit autorizat pentru plasarea m\u0103rfurilor \u00een regim de antrepozitare vamal\u0103.<\/div>\n                                        <\/div>\n                                    <\/div>\n                                <\/div>\n                                                                                            <\/div> \n                        <\/div> \n                                                <div class=\"text-block-two\">\n                            <h3>Presentation<\/h3>\n                            <div class=\"text\">Goods placed under customs warehousing are exempt from customs duties and economic policy measures until customs clearance operations are completed.  <p><\/p>Before the goods are shipped, they have to be checked and approved by the customs agents and the related duties are not paid until the time of inspection which gives an advantage to your company.<p><\/p>\nWarehouses accredited by the customs service are convenient for companies engaged in international trade. If your organization is involved in international trade, you can store or you can import and store goods in bonded warehouses indefinitely without paying customs duties.<p><\/p>\nWe offer our customers:\n<ul>\n<li>- 35,000 m2 of uncovered warehousing space\n<\/li>\n<li>-10,000 m2 of covered storage space\n<\/li>\n<li>- 24\/7 video monitoring\n<\/li>\n<li>- Palletized and non-palletized cargo handling services\n<\/li>\n<li>- Warehousing of bulk goods or on racks\n<\/li>\n<li>- Packaging and wrapping.<\/li>\n<\/ul><\/div>\n                        <\/div>\n                        <div class=\"facts-counter\">\n                            <div class=\"row\">\n                                                                <!--Column-->\n                                <div class=\"column counter-column col-md-6\">\n                                    <div class=\"inner wow fadeInLeft\" data-wow-delay=\"0ms\" data-wow-duration=\"1500ms\">\n                                        <div class=\"content\">\n                                                                                        <h5><\/h5>\n                                            <div class=\"count-outer count-box\">\n                                                <span class=\"count-text\" data-speed=\"3000\" data-stop=\"\"><\/span>                                            <\/div>\n                                            <div class=\"text\"><\/div>\n                                        <\/div>\n                                    <\/div>\n                                <\/div>\n                                <!--Column-->\n                                                            <\/div>\n                        <\/div> \n                                                               \n                                                                        <div class=\"features\">\n                            <h3>Important benefits<\/h3>\n                            <div class=\"text\"><\/div>\n                            \n                            <div class=\"row\">\n                                                                <div class=\"col-md-3 col-sm-6\">\n                                    <div class=\"icon-box\">\n                                        <div class=\"icon\"><span class=\"fa fa-clock\"><\/span><\/div>\n                                        <h4>Unlimited storage<\/h4>\n                                    <\/div>\n                                <\/div>\n                                                                <div class=\"col-md-3 col-sm-6\">\n                                    <div class=\"icon-box\">\n                                        <div class=\"icon\"><span class=\"fa fa-badge-dollar\"><\/span><\/div>\n                                        <h4>Customs duty exemption<\/h4>\n                                    <\/div>\n                                <\/div>\n                                                                <div class=\"col-md-3 col-sm-6\">\n                                    <div class=\"icon-box\">\n                                        <div class=\"icon\"><span class=\"fa fa-shield-alt\"><\/span><\/div>\n                                        <h4>Monitoring and security<\/h4>\n                                    <\/div>\n                                <\/div>\n                                                            <\/div>\n                        <\/div>\n                                            <\/div>\n                    \n                                        <aside class=\"col-lg-4\">\n                        <div class=\"service-sidebar\">\n                        \t<div id=\"transida_services_sidebar-1\" class=\"service-widget widget_transida_services_sidebar\">\t\t\n        <!--Start Single sidebar-->\n        <div class=\"widget_categories-two\">\n            <h4 class=\"widget_title\">Elvada Freight and Logistics ~ Elvada Shipping &#038; Trading<\/h4>            <div class=\"widget-content\">\n                <ul class=\"categories-list\">\n                            \n           \t<!-- Title -->\n                        <li><a href=\"https:\/\/elvada.ro\/en\/transport-maritim\/\"><i class=\"fa fa-ship\"><\/i>Sea Freight <\/a><\/li>\n                        <li><a href=\"https:\/\/elvada.ro\/en\/transport-rutier\/\"><i class=\"fa fa-truck-moving\"><\/i>Road Freight <\/a><\/li>\n                        <li><a href=\"https:\/\/elvada.ro\/en\/transport-aerian\/\"><i class=\"fa fa-plane-departure\"><\/i>Air Freight <\/a><\/li>\n                            \n                        <\/ul>\n            <\/div>\n        <\/div>\n                \n        <\/div><div id=\"transida_services_sidebar-2\" class=\"service-widget widget_transida_services_sidebar\">\t\t\n        <!--Start Single sidebar-->\n        <div class=\"widget_categories-two\">\n            <h4 class=\"widget_title\">Logistic Solutions<\/h4>            <div class=\"widget-content\">\n                <ul class=\"categories-list\">\n                            \n           \t<!-- Title -->\n                        <li><a href=\"https:\/\/elvada.ro\/en\/antrepozitare\/\"><i class=\"fa fa-route-interstate\"><\/i>Customs warehousing <\/a><\/li>\n                        <li><a href=\"https:\/\/elvada.ro\/en\/depozitare\/\"><i class=\"fa fa-warehouse\"><\/i>Warehousing <\/a><\/li>\n                        <li><a href=\"https:\/\/elvada.ro\/en\/comisionariat-vamal\/\"><i class=\"fa fa-file-contract\"><\/i>Elvada Brokers <\/a><\/li>\n                        <li><a href=\"https:\/\/elvada.ro\/en\/utilaje\/\"><i class=\"fa fa-building\"><\/i>Elvada Utilaje <\/a><\/li>\n                            \n                        <\/ul>\n            <\/div>\n        <\/div>\n                \n        <\/div>                        <\/div>\n                    <\/aside>\n                                    <\/div>\n            <\/div>\n        <\/section>\n         \n\t\t\t\t\t\t<\/div>\n\t\t\t\t<\/div>\n\t\t\t\t\t<\/div>\n\t\t<\/div>\n\t\t\t\t\t<\/div>\n\t\t<\/section>\n\t\t\t\t<section class=\"elementor-section elementor-top-section elementor-element elementor-element-e6e544d elementor-section-boxed elementor-section-height-default elementor-section-height-default\" data-id=\"e6e544d\" data-element_type=\"section\" data-e-type=\"section\">\n\t\t\t\t\t\t<div class=\"elementor-container elementor-column-gap-default\">\n\t\t\t\t\t<div class=\"elementor-column elementor-col-100 elementor-top-column elementor-element elementor-element-644a237\" data-id=\"644a237\" data-element_type=\"column\" data-e-type=\"column\">\n\t\t\t<div class=\"elementor-widget-wrap elementor-element-populated\">\n\t\t\t\t\t\t<div class=\"elementor-element elementor-element-de5e3e4 elementor-widget elementor-widget-transida_contact_us\" data-id=\"de5e3e4\" data-element_type=\"widget\" data-e-type=\"widget\" data-widget_type=\"transida_contact_us.default\">\n\t\t\t\t<div class=\"elementor-widget-container\">\n\t\t\t\t\t        \n        <!-- Contact form section -->\n        <section class=\"contact-form-section\">\n            <div class=\"auto-container\">\n                <div class=\"sec-title text-center\">\n                    <div class=\"sub-title\">Warehousing department<\/div>\n                    <h2>Cristi Muraru<\/h2>\n                    <div class=\"text\"><ul>\n                                            <li>Phone <a href=\"tel:+40756120690\"><span>(+40)756 120 690<\/span><\/a><\/li>\n                                            <li>E-mail <a href=\"mailto:cristi.muraru@elvada.ro\">cristi.muraru@elvada.ro<\/a><\/li>\n                                            <li><\/li>\n                                        <\/ul><\/div>\n                <\/div>\n                <!--Contact Form-->\n                <div class=\"contact-form\">\n                                    <\/div>\n                <!--End Contact Form-->\n            <\/div>\n        <\/section>\n               \n\t\t\t\t\t\t<\/div>\n\t\t\t\t<\/div>\n\t\t\t\t\t<\/div>\n\t\t<\/div>\n\t\t\t\t\t<\/div>\n\t\t<\/section>\n\t\t\t\t<\/div>","protected":false},"excerpt":{"rendered":"<p>Elvada Group Antrepozit Vamal Contacteaz\u0103-ne Antrepozitare Depozit autorizat pentru plasarea m\u0103rfurilor \u00een regim de antrepozitare vamal\u0103. Prezentare M\u0103rfurile plasate sub antrepozit vamal sunt scutite de taxe vamale \u0219i m\u0103suri de politic\u0103 economic\u0103 p\u00e2n\u0103 la finalizarea opera\u021biunilor de v\u0103muire. \u00cenainte c\u0103 m\u0103rfurile s\u0103 fie expediate, acestea trebuie verificate \u0219i aprobate de agen\u021bii vamali \u0219i nu se [&hellip;]<\/p>\n","protected":false},"author":1,"featured_media":0,"parent":0,"menu_order":0,"comment_status":"closed","ping_status":"closed","template":"tpl-default-elementor.php","meta":{"footnotes":""},"class_list":["post-640","page","type-page","status-publish","hentry"],"yoast_head":"<!-- This site is optimized with the Yoast SEO plugin v27.1.1 - https:\/\/yoast.com\/product\/yoast-seo-wordpress\/ -->\n<title>Elvada - Antrepozitare Vamal\u0103<\/title>\n<meta name=\"description\" content=\"Oferim clien\u021bilor no\u0219tri: - 35.000 m2 de spa\u021biu de depozitare neacoperit si 10.000 m2 de spa\u021biu de depozitare acoperit - +40 756 120 690\" \/>\n<meta name=\"robots\" content=\"index, follow, max-snippet:-1, max-image-preview:large, max-video-preview:-1\" \/>\n<link rel=\"canonical\" href=\"https:\/\/elvada.ro\/en\/antrepozitare\/\" \/>\n<meta property=\"og:locale\" content=\"en_US\" \/>\n<meta property=\"og:type\" content=\"article\" \/>\n<meta property=\"og:title\" content=\"Elvada - Antrepozitare Vamal\u0103\" \/>\n<meta property=\"og:description\" content=\"Oferim clien\u021bilor no\u0219tri: - 35.000 m2 de spa\u021biu de depozitare neacoperit si 10.000 m2 de spa\u021biu de depozitare acoperit - +40 756 120 690\" \/>\n<meta property=\"og:url\" content=\"https:\/\/elvada.ro\/en\/antrepozitare\/\" \/>\n<meta property=\"og:site_name\" content=\"Elvada Logistics\" \/>\n<meta property=\"article:publisher\" content=\"https:\/\/www.facebook.com\/elvadacompany\" \/>\n<meta property=\"article:modified_time\" content=\"2026-04-20T21:44:43+00:00\" \/>\n<meta property=\"og:image\" content=\"https:\/\/elvada.ro\/wp-content\/uploads\/2023\/07\/Depozit7-1.jpg\" \/>\n<meta name=\"twitter:card\" content=\"summary_large_image\" \/>\n<meta name=\"twitter:label1\" content=\"Est. reading time\" \/>\n\t<meta name=\"twitter:data1\" content=\"1 minute\" \/>\n<script type=\"application\/ld+json\" class=\"yoast-schema-graph\">{\"@context\":\"https:\/\/schema.org\",\"@graph\":[{\"@type\":\"WebPage\",\"@id\":\"https:\/\/elvada.ro\/antrepozitare\/\",\"url\":\"https:\/\/elvada.ro\/antrepozitare\/\",\"name\":\"Elvada - Antrepozitare Vamal\u0103\",\"isPartOf\":{\"@id\":\"https:\/\/elvada.ro\/en\/#website\"},\"primaryImageOfPage\":{\"@id\":\"https:\/\/elvada.ro\/antrepozitare\/#primaryimage\"},\"image\":{\"@id\":\"https:\/\/elvada.ro\/antrepozitare\/#primaryimage\"},\"thumbnailUrl\":\"https:\/\/elvada.ro\/wp-content\/uploads\/2023\/07\/Depozit7-1.jpg\",\"datePublished\":\"2020-11-07T12:50:56+00:00\",\"dateModified\":\"2026-04-20T21:44:43+00:00\",\"description\":\"Oferim clien\u021bilor no\u0219tri: - 35.000 m2 de spa\u021biu de depozitare neacoperit si 10.000 m2 de spa\u021biu de depozitare acoperit - +40 756 120 690\",\"breadcrumb\":{\"@id\":\"https:\/\/elvada.ro\/antrepozitare\/#breadcrumb\"},\"inLanguage\":\"en-US\",\"potentialAction\":[{\"@type\":\"ReadAction\",\"target\":[\"https:\/\/elvada.ro\/antrepozitare\/\"]}]},{\"@type\":\"ImageObject\",\"inLanguage\":\"en-US\",\"@id\":\"https:\/\/elvada.ro\/antrepozitare\/#primaryimage\",\"url\":\"https:\/\/elvada.ro\/wp-content\/uploads\/2023\/07\/Depozit7-1.jpg\",\"contentUrl\":\"https:\/\/elvada.ro\/wp-content\/uploads\/2023\/07\/Depozit7-1.jpg\"},{\"@type\":\"BreadcrumbList\",\"@id\":\"https:\/\/elvada.ro\/antrepozitare\/#breadcrumb\",\"itemListElement\":[{\"@type\":\"ListItem\",\"position\":1,\"name\":\"Home\",\"item\":\"https:\/\/elvada.ro\/\"},{\"@type\":\"ListItem\",\"position\":2,\"name\":\"Antrepozitare\"}]},{\"@type\":\"WebSite\",\"@id\":\"https:\/\/elvada.ro\/en\/#website\",\"url\":\"https:\/\/elvada.ro\/en\/\",\"name\":\"Elvada Logistics\",\"description\":\"Elvada Company\",\"publisher\":{\"@id\":\"https:\/\/elvada.ro\/en\/#organization\"},\"potentialAction\":[{\"@type\":\"SearchAction\",\"target\":{\"@type\":\"EntryPoint\",\"urlTemplate\":\"https:\/\/elvada.ro\/en\/?s={search_term_string}\"},\"query-input\":{\"@type\":\"PropertyValueSpecification\",\"valueRequired\":true,\"valueName\":\"search_term_string\"}}],\"inLanguage\":\"en-US\"},{\"@type\":\"Organization\",\"@id\":\"https:\/\/elvada.ro\/en\/#organization\",\"name\":\"Elvada Company\",\"url\":\"https:\/\/elvada.ro\/en\/\",\"logo\":{\"@type\":\"ImageObject\",\"inLanguage\":\"en-US\",\"@id\":\"https:\/\/elvada.ro\/en\/#\/schema\/logo\/image\/\",\"url\":\"https:\/\/elvada.ro\/wp-content\/uploads\/2022\/07\/cropped-LOGO_ELVADA.png\",\"contentUrl\":\"https:\/\/elvada.ro\/wp-content\/uploads\/2022\/07\/cropped-LOGO_ELVADA.png\",\"width\":962,\"height\":250,\"caption\":\"Elvada Company\"},\"image\":{\"@id\":\"https:\/\/elvada.ro\/en\/#\/schema\/logo\/image\/\"},\"sameAs\":[\"https:\/\/www.facebook.com\/elvadacompany\"]}]}<\/script>\n<!-- \/ Yoast SEO plugin. -->","yoast_head_json":{"title":"Elvada - Antrepozitare Vamal\u0103","description":"Oferim clien\u021bilor no\u0219tri: - 35.000 m2 de spa\u021biu de depozitare neacoperit si 10.000 m2 de spa\u021biu de depozitare acoperit - +40 756 120 690","robots":{"index":"index","follow":"follow","max-snippet":"max-snippet:-1","max-image-preview":"max-image-preview:large","max-video-preview":"max-video-preview:-1"},"canonical":"https:\/\/elvada.ro\/en\/antrepozitare\/","og_locale":"en_US","og_type":"article","og_title":"Elvada - Antrepozitare Vamal\u0103","og_description":"Oferim clien\u021bilor no\u0219tri: - 35.000 m2 de spa\u021biu de depozitare neacoperit si 10.000 m2 de spa\u021biu de depozitare acoperit - +40 756 120 690","og_url":"https:\/\/elvada.ro\/en\/antrepozitare\/","og_site_name":"Elvada Logistics","article_publisher":"https:\/\/www.facebook.com\/elvadacompany","article_modified_time":"2026-04-20T21:44:43+00:00","og_image":[{"url":"https:\/\/elvada.ro\/wp-content\/uploads\/2023\/07\/Depozit7-1.jpg","type":"","width":"","height":""}],"twitter_card":"summary_large_image","twitter_misc":{"Est. reading time":"1 minute"},"schema":{"@context":"https:\/\/schema.org","@graph":[{"@type":"WebPage","@id":"https:\/\/elvada.ro\/antrepozitare\/","url":"https:\/\/elvada.ro\/antrepozitare\/","name":"Elvada - Antrepozitare Vamal\u0103","isPartOf":{"@id":"https:\/\/elvada.ro\/en\/#website"},"primaryImageOfPage":{"@id":"https:\/\/elvada.ro\/antrepozitare\/#primaryimage"},"image":{"@id":"https:\/\/elvada.ro\/antrepozitare\/#primaryimage"},"thumbnailUrl":"https:\/\/elvada.ro\/wp-content\/uploads\/2023\/07\/Depozit7-1.jpg","datePublished":"2020-11-07T12:50:56+00:00","dateModified":"2026-04-20T21:44:43+00:00","description":"Oferim clien\u021bilor no\u0219tri: - 35.000 m2 de spa\u021biu de depozitare neacoperit si 10.000 m2 de spa\u021biu de depozitare acoperit - +40 756 120 690","breadcrumb":{"@id":"https:\/\/elvada.ro\/antrepozitare\/#breadcrumb"},"inLanguage":"en-US","potentialAction":[{"@type":"ReadAction","target":["https:\/\/elvada.ro\/antrepozitare\/"]}]},{"@type":"ImageObject","inLanguage":"en-US","@id":"https:\/\/elvada.ro\/antrepozitare\/#primaryimage","url":"https:\/\/elvada.ro\/wp-content\/uploads\/2023\/07\/Depozit7-1.jpg","contentUrl":"https:\/\/elvada.ro\/wp-content\/uploads\/2023\/07\/Depozit7-1.jpg"},{"@type":"BreadcrumbList","@id":"https:\/\/elvada.ro\/antrepozitare\/#breadcrumb","itemListElement":[{"@type":"ListItem","position":1,"name":"Home","item":"https:\/\/elvada.ro\/"},{"@type":"ListItem","position":2,"name":"Antrepozitare"}]},{"@type":"WebSite","@id":"https:\/\/elvada.ro\/en\/#website","url":"https:\/\/elvada.ro\/en\/","name":"Elvada Logistics","description":"Elvada Company","publisher":{"@id":"https:\/\/elvada.ro\/en\/#organization"},"potentialAction":[{"@type":"SearchAction","target":{"@type":"EntryPoint","urlTemplate":"https:\/\/elvada.ro\/en\/?s={search_term_string}"},"query-input":{"@type":"PropertyValueSpecification","valueRequired":true,"valueName":"search_term_string"}}],"inLanguage":"en-US"},{"@type":"Organization","@id":"https:\/\/elvada.ro\/en\/#organization","name":"Elvada Company","url":"https:\/\/elvada.ro\/en\/","logo":{"@type":"ImageObject","inLanguage":"en-US","@id":"https:\/\/elvada.ro\/en\/#\/schema\/logo\/image\/","url":"https:\/\/elvada.ro\/wp-content\/uploads\/2022\/07\/cropped-LOGO_ELVADA.png","contentUrl":"https:\/\/elvada.ro\/wp-content\/uploads\/2022\/07\/cropped-LOGO_ELVADA.png","width":962,"height":250,"caption":"Elvada Company"},"image":{"@id":"https:\/\/elvada.ro\/en\/#\/schema\/logo\/image\/"},"sameAs":["https:\/\/www.facebook.com\/elvadacompany"]}]}},"_links":{"self":[{"href":"https:\/\/elvada.ro\/en\/wp-json\/wp\/v2\/pages\/640","targetHints":{"allow":["GET"]}}],"collection":[{"href":"https:\/\/elvada.ro\/en\/wp-json\/wp\/v2\/pages"}],"about":[{"href":"https:\/\/elvada.ro\/en\/wp-json\/wp\/v2\/types\/page"}],"author":[{"embeddable":true,"href":"https:\/\/elvada.ro\/en\/wp-json\/wp\/v2\/users\/1"}],"replies":[{"embeddable":true,"href":"https:\/\/elvada.ro\/en\/wp-json\/wp\/v2\/comments?post=640"}],"version-history":[{"count":52,"href":"https:\/\/elvada.ro\/en\/wp-json\/wp\/v2\/pages\/640\/revisions"}],"predecessor-version":[{"id":5121,"href":"https:\/\/elvada.ro\/en\/wp-json\/wp\/v2\/pages\/640\/revisions\/5121"}],"wp:attachment":[{"href":"https:\/\/elvada.ro\/en\/wp-json\/wp\/v2\/media?parent=640"}],"curies":[{"name":"wp","href":"https:\/\/api.w.org\/{rel}","templated":true}]}}