{"id":634,"date":"2020-11-07T12:49:38","date_gmt":"2020-11-07T12:49:38","guid":{"rendered":"http:\/\/el.commonsupport.com\/newwp\/transida\/?page_id=634"},"modified":"2024-11-22T12:07:15","modified_gmt":"2024-11-22T12:07:15","slug":"transport-rutier","status":"publish","type":"page","link":"https:\/\/elvada.ro\/en\/transport-rutier\/","title":{"rendered":"Road Freight"},"content":{"rendered":"\t\t<div data-elementor-type=\"wp-page\" data-elementor-id=\"634\" class=\"elementor elementor-634\">\n\t\t\t\t\t\t<section class=\"elementor-section elementor-top-section elementor-element elementor-element-d33f7b5 elementor-section-full_width elementor-section-height-default elementor-section-height-default\" data-id=\"d33f7b5\" data-element_type=\"section\" data-e-type=\"section\">\n\t\t\t\t\t\t<div class=\"elementor-container elementor-column-gap-default\">\n\t\t\t\t\t<div class=\"elementor-column elementor-col-100 elementor-top-column elementor-element elementor-element-97d82d8\" data-id=\"97d82d8\" data-element_type=\"column\" data-e-type=\"column\">\n\t\t\t<div class=\"elementor-widget-wrap elementor-element-populated\">\n\t\t\t\t\t\t<div class=\"elementor-element elementor-element-e61bf35 elementor-widget elementor-widget-transida_banner_v4\" data-id=\"e61bf35\" data-element_type=\"widget\" data-e-type=\"widget\" data-widget_type=\"transida_banner_v4.default\">\n\t\t\t\t<div class=\"elementor-widget-container\">\n\t\t\t\t\t        \n        <!-- Bnner Section Two -->\n        <section class=\"banner-section-two\" style=\"background-image: url(https:\/\/elvada.ro\/wp-content\/uploads\/2022\/11\/TransportRutierMain.jpg);\">\n           <div class=\"auto-container\">\n                <div class=\"text-block\">\n                    <h4>ELVADA FREIGHT AND LOGISTICS<\/h4>\n                    <h1>Transport Rutier<\/h1>\n                    <div class=\"text\"><\/div>\n                    <div class=\"icon-box-wrapper\">\n                                                <div class=\"icon-box\">\n                                                        <h5><\/h5>\n                        <\/div>\n                                            <\/div>\n                    <div class=\"link-box\">\n                        <a href=\"https:\/\/elvada.ro\/galerie-tranport-rutier\/\" class=\"theme-btn btn-style-one\"><span><i class=\"flaticon-up-arrow\"><\/i>Vezi Galerie <\/span><\/a>\n                    <\/div>\n                <\/div>\n            <\/div>\n        <\/section>\n        <!-- End Bnner Section -->\n            \n\t\t\t\t\t\t<\/div>\n\t\t\t\t<\/div>\n\t\t\t\t\t<\/div>\n\t\t<\/div>\n\t\t\t\t\t<\/div>\n\t\t<\/section>\n\t\t\t\t<section class=\"elementor-section elementor-top-section elementor-element elementor-element-857ac4e elementor-section-full_width elementor-section-height-default elementor-section-height-default\" data-id=\"857ac4e\" data-element_type=\"section\" data-e-type=\"section\">\n\t\t\t\t\t\t<div class=\"elementor-container elementor-column-gap-default\">\n\t\t\t\t\t<div class=\"elementor-column elementor-col-100 elementor-top-column elementor-element elementor-element-f112aac\" data-id=\"f112aac\" data-element_type=\"column\" data-e-type=\"column\">\n\t\t\t<div class=\"elementor-widget-wrap elementor-element-populated\">\n\t\t\t\t\t\t<div class=\"elementor-element elementor-element-f94da11 elementor-widget elementor-widget-transida_service_single\" data-id=\"f94da11\" data-element_type=\"widget\" data-e-type=\"widget\" data-widget_type=\"transida_service_single.default\">\n\t\t\t\t<div class=\"elementor-widget-container\">\n\t\t\t\t\t        \n        <!-- service details -->\n        <section class=\"service-details\">\n            <div class=\"auto-container\">\n                <div class=\"row\">\n                    <div class=\"col-lg-8 content-side order-lg-2\">\n                        <div class=\"image-block\">\n                            <div class=\"row\">\n                                                                <div class=\"col-lg-6\">\n                                    <div class=\"image\">\n                                        <img decoding=\"async\" src=\"https:\/\/elvada.ro\/wp-content\/uploads\/2022\/11\/Truck.jpg\" alt=\"Awesome Image\">\n                                        <div class=\"text-block\">\n                                            <h4>Transport Rutier<\/h4>\n                                            <div class=\"text\">Principalul mijloc de transport al m\u0103rfurilor \u00een siguran\u021b\u0103 \u0219i la timp<\/div>\n                                        <\/div>\n                                    <\/div>\n                                <\/div>\n                                                                                                <div class=\"col-lg-6\">\n                                    <div class=\"image\">\n                                        <img decoding=\"async\" src=\"https:\/\/elvada.ro\/wp-content\/uploads\/2023\/09\/Truck2.jpg\" alt=\"Awesome Image\">\n                                        <div class=\"video-btn\"><a href=\"https:\/\/youtu.be\/jCXhTCBWk-g\" class=\"overlay-link lightbox-image video-fancybox\"><i class=\"flaticon-play-arrow\"><\/i><\/a><\/div>                                    <\/div>\n                                <\/div>\n                                                            <\/div> \n                        <\/div> \n                                                <div class=\"text-block-two\">\n                            <h3>Prezentare<\/h3>\n                            <div class=\"text\">Suntem determina\u021bi s\u0103 oferim servicii de transport ce ne diferen\u021biaz\u0103 de competitori. Prest\u0103m servicii de transport rutier de peste 16 ani \u0219i \u00een\u021belegem c\u00e2t de important este c\u0103 marf\u0103 ta s\u0103 ajung\u0103 la destina\u021bie \u00een siguran\u021b\u0103 \u0219i la timp. Echipa noastr\u0103 este format\u0103 din \u0219oferi profesioni\u0219ti cu experien\u021b\u0103 \u0219i coordonatori ce optimizeaz\u0103 rutele, pentru a reduce costurile de transport.<p><\/p>\nFlota proprie de peste 30 de camioane, parte din procesul logistic de transport, constituie un avantaj pentru afacerea ta. Oferim clien\u021bilor no\u0219tri costuri reduse pentru tot procesul de transport datorit\u0103 pachetului complet de servicii prestate precum : depozitare, manipulare m\u0103rfuri cu ajutorul utilajelor proprii, reprezentare direct\u0103 \u00een procesul de v\u0103muire \u0219i altele. <p><\/p>\nCamioanele noastre sunt prev\u0103zute cu sisteme ce reduc emisiile de carbon \u0219i au un impact minim asupra mediului \u00eenconjur\u0103tor \u0219i totodat\u0103 reduc costurile datorit\u0103 consumului mic de combustibil.\nCoordonatorul nostru pentru opera\u021biunea de transport este disponibil 24\/7 \u0219i monitorizeaz\u0103 in timp real parcursul m\u0103rfurilor p\u00e2n\u0103 la destina\u021bie cu ajutorul sistemelor GPS montate pe fiecare vehicul. \n<p><\/p>\n<i>Suntem \u00eenc\u00e2nta\u021bi s\u0103 anun\u021b\u0103m extinderea serviciilor noastre pentru a include \ntransportul de m\u0103rfuri periculoase ( Certificarea ADR cuprinde toate clasele de marfuri periculoase, inclusiv \nsubstante si obiecte explozive) \u2013 o alt\u0103 etap\u0103 de hotar \u00een angajamentul nostru de a \nfurniza solu\u021bii logistice complete.<\/i><p><\/p>\nCertificare ADR (marfuri periculoase) - <a href=\"https:\/\/elvada.ro\/wp-content\/uploads\/2023\/12\/ELVADA-ADR.pdf\" style=\"color: red\" target=\"_blank\">[Vizualizeaz\u0103]<\/a>\n<\/div>\n                        <\/div>\n                        <div class=\"facts-counter\">\n                            <div class=\"row\">\n                                                                <!--Column-->\n                                <div class=\"column counter-column col-md-6\">\n                                    <div class=\"inner wow fadeInLeft\" data-wow-delay=\"0ms\" data-wow-duration=\"1500ms\">\n                                        <div class=\"content\">\n                                                                                        <h5><\/h5>\n                                            <div class=\"count-outer count-box\">\n                                                <span class=\"count-text\" data-speed=\"3000\" data-stop=\"\"><\/span>                                            <\/div>\n                                            <div class=\"text\"><\/div>\n                                        <\/div>\n                                    <\/div>\n                                <\/div>\n                                <!--Column-->\n                                                            <\/div>\n                        <\/div> \n                                                               \n                                                                        <div class=\"features\">\n                            <h3>Beneficii importante<\/h3>\n                            <div class=\"text\"><ul>\n<li>-          One-stop shop pentru transport domestic \u0219i interna\u021bional\n\n<li>-          Schimburi de containere cu toate liniile maritime \u0219i c\u0103ile ferate<\/li>\n\n<li>-          Protec\u021bie financiar\u0103 a \u00eenc\u0103rc\u0103turii \u00een cazuri de deteriorare \u00een baza poli\u021bei CMR<\/li>\n\n<li>-          Containere frigorifice speciale pentru transportul de bunuri perisabile<\/li>\n\n<li>-          Autoriza\u021bii pentru transport agabaritic precum \u0219i escort\u0103 unde este cazul<\/li>\n\n<li>-          Camioane moderne \u0219i prietenoase cu mediul<\/li>\n\n<li>-          Politica companiei noastre este de a prioritiza sustanabilitatea \u0219i de a respecta mediul \u00een toate opera\u021biunile noastre logistice.<\/li>\n\n<\/ul><\/div>\n                            \n                            <div class=\"row\">\n                                                                <div class=\"col-md-3 col-sm-6\">\n                                    <div class=\"icon-box\">\n                                        <div class=\"icon\"><span class=\"fa fa-fire\"><\/span><\/div>\n                                        <h4>Marfuri Periculoase<\/h4>\n                                    <\/div>\n                                <\/div>\n                                                                <div class=\"col-md-3 col-sm-6\">\n                                    <div class=\"icon-box\">\n                                        <div class=\"icon\"><span class=\"flaticon-businessman\"><\/span><\/div>\n                                        <h4>Costuri Transparente<\/h4>\n                                    <\/div>\n                                <\/div>\n                                                                <div class=\"col-md-3 col-sm-6\">\n                                    <div class=\"icon-box\">\n                                        <div class=\"icon\"><span class=\"flaticon-delivery-truck\"><\/span><\/div>\n                                        <h4>Timp scurt de asteptare<\/h4>\n                                    <\/div>\n                                <\/div>\n                                                                <div class=\"col-md-3 col-sm-6\">\n                                    <div class=\"icon-box\">\n                                        <div class=\"icon\"><span class=\"flaticon-shield-1\"><\/span><\/div>\n                                        <h4>Experien\u021b\u0103 \u00een domeniu<\/h4>\n                                    <\/div>\n                                <\/div>\n                                                            <\/div>\n                        <\/div>\n                                            <\/div>\n                    \n                                        <aside class=\"col-lg-4\">\n                        <div class=\"service-sidebar\">\n                        \t<div id=\"transida_services_sidebar-1\" class=\"service-widget widget_transida_services_sidebar\">\t\t\n        <!--Start Single sidebar-->\n        <div class=\"widget_categories-two\">\n            <h4 class=\"widget_title\">Elvada Freight and Logistics ~ Elvada Shipping &#038; Trading<\/h4>            <div class=\"widget-content\">\n                <ul class=\"categories-list\">\n                            \n           \t<!-- Title -->\n                        <li><a href=\"https:\/\/elvada.ro\/transport-maritim\/\"><i class=\"fa fa-ship\"><\/i>Transport Maritim <\/a><\/li>\n                        <li><a href=\"https:\/\/elvada.ro\/transport-rutier\/\"><i class=\"fa fa-truck-moving\"><\/i>Transport Rutier <\/a><\/li>\n                        <li><a href=\"https:\/\/elvada.ro\/transport-aerian\/\"><i class=\"fa fa-plane-departure\"><\/i>Transport Aerian <\/a><\/li>\n                            \n                        <\/ul>\n            <\/div>\n        <\/div>\n                \n        <\/div><div id=\"transida_services_sidebar-2\" class=\"service-widget widget_transida_services_sidebar\">\t\t\n        <!--Start Single sidebar-->\n        <div class=\"widget_categories-two\">\n            <h4 class=\"widget_title\">Servicii Logistic\u0103<\/h4>            <div class=\"widget-content\">\n                <ul class=\"categories-list\">\n                            \n           \t<!-- Title -->\n                        <li><a href=\"https:\/\/elvada.ro\/antrepozitare\/\"><i class=\"fa fa-route-interstate\"><\/i>Antrepozitare vamal\u0103 <\/a><\/li>\n                        <li><a href=\"https:\/\/elvada.ro\/depozitare\/\"><i class=\"fa fa-warehouse\"><\/i>Depozitare <\/a><\/li>\n                        <li><a href=\"https:\/\/elvada.ro\/comisionariat-vamal\/\"><i class=\"fa fa-file-contract\"><\/i>Elvada Brokers <\/a><\/li>\n                        <li><a href=\"https:\/\/elvada.ro\/utilaje\"><i class=\"fa fa-building\"><\/i>Elvada Utilaje <\/a><\/li>\n                            \n                        <\/ul>\n            <\/div>\n        <\/div>\n                \n        <\/div>                        <\/div>\n                    <\/aside>\n                                    <\/div>\n            <\/div>\n        <\/section>\n         \n\t\t\t\t\t\t<\/div>\n\t\t\t\t<\/div>\n\t\t\t\t\t<\/div>\n\t\t<\/div>\n\t\t\t\t\t<\/div>\n\t\t<\/section>\n\t\t\t\t<section class=\"elementor-section elementor-top-section elementor-element elementor-element-c4838bb elementor-section-boxed elementor-section-height-default elementor-section-height-default\" data-id=\"c4838bb\" data-element_type=\"section\" data-e-type=\"section\" data-settings=\"{&quot;background_background&quot;:&quot;classic&quot;}\">\n\t\t\t\t\t\t<div class=\"elementor-container elementor-column-gap-default\">\n\t\t\t\t\t<div class=\"elementor-column elementor-col-100 elementor-top-column elementor-element elementor-element-73567b2\" data-id=\"73567b2\" data-element_type=\"column\" data-e-type=\"column\">\n\t\t\t<div class=\"elementor-widget-wrap elementor-element-populated\">\n\t\t\t\t\t\t<div class=\"elementor-element elementor-element-7ba1e7c elementor-widget elementor-widget-transida_contact_us\" data-id=\"7ba1e7c\" data-element_type=\"widget\" data-e-type=\"widget\" data-widget_type=\"transida_contact_us.default\">\n\t\t\t\t<div class=\"elementor-widget-container\">\n\t\t\t\t\t        \n        <!-- Contact form section -->\n        <section class=\"contact-form-section\">\n            <div class=\"auto-container\">\n                <div class=\"sec-title text-center\">\n                    <div class=\"sub-title\">Coordonator transport rutier<\/div>\n                    <h2>DANIEL GEOGE<\/h2>\n                    <div class=\"text\"><ul>\n                                            <li>Telefon: <a href=\"tel:+40753099150\"><span>(+40)753 099 150<\/span><\/a><\/li>\n                                           \n                                            <li><\/li>\n                                        <\/ul><\/div>\n                <\/div>\n                <!--Contact Form-->\n                <div class=\"contact-form\">\n                                    <\/div>\n                <!--End Contact Form-->\n            <\/div>\n        <\/section>\n               \n\t\t\t\t\t\t<\/div>\n\t\t\t\t<\/div>\n\t\t\t\t\t<\/div>\n\t\t<\/div>\n\t\t\t\t\t<\/div>\n\t\t<\/section>\n\t\t\t\t<\/div>\n\t\t","protected":false},"excerpt":{"rendered":"<p>ELVADA FREIGHT AND LOGISTICS Transport Rutier Vezi Galerie Transport Rutier Principalul mijloc de transport al m\u0103rfurilor \u00een siguran\u021b\u0103 \u0219i la timp Prezentare Suntem determina\u021bi s\u0103 oferim servicii de transport ce ne diferen\u021biaz\u0103 de competitori. Prest\u0103m servicii de transport rutier de peste 16 ani \u0219i \u00een\u021belegem c\u00e2t de important este c\u0103 marf\u0103 ta s\u0103 ajung\u0103 la [&hellip;]<\/p>\n","protected":false},"author":1,"featured_media":0,"parent":0,"menu_order":0,"comment_status":"closed","ping_status":"closed","template":"tpl-default-elementor.php","meta":{"footnotes":""},"class_list":["post-634","page","type-page","status-publish","hentry"],"yoast_head":"<!-- This site is optimized with the Yoast SEO plugin v27.1.1 - https:\/\/yoast.com\/product\/yoast-seo-wordpress\/ -->\n<title>Elvada - Transport Rutier<\/title>\n<meta name=\"description\" content=\"Transport Rutier - Solu\u021bii profesionale pentru transportul de suprafa\u021b\u0103 cu flot\u0103 auto proprie +40751.267.957\" \/>\n<meta name=\"robots\" content=\"index, follow, max-snippet:-1, max-image-preview:large, max-video-preview:-1\" \/>\n<link rel=\"canonical\" href=\"https:\/\/elvada.ro\/en\/transport-rutier\/\" \/>\n<meta property=\"og:locale\" content=\"en_US\" \/>\n<meta property=\"og:type\" content=\"article\" \/>\n<meta property=\"og:title\" content=\"Elvada - Transport Rutier\" \/>\n<meta property=\"og:description\" content=\"Transport Rutier - Solu\u021bii profesionale pentru transportul de suprafa\u021b\u0103 cu flot\u0103 auto proprie +40751.267.957\" \/>\n<meta property=\"og:url\" content=\"https:\/\/elvada.ro\/en\/transport-rutier\/\" \/>\n<meta property=\"og:site_name\" content=\"Elvada Logistics\" \/>\n<meta property=\"article:publisher\" content=\"https:\/\/www.facebook.com\/elvadacompany\" \/>\n<meta property=\"article:modified_time\" content=\"2024-11-22T12:07:15+00:00\" \/>\n<meta property=\"og:image\" content=\"https:\/\/elvada.ro\/wp-content\/uploads\/2022\/11\/Truck.jpg\" \/>\n<meta name=\"twitter:card\" content=\"summary_large_image\" \/>\n<meta name=\"twitter:label1\" content=\"Est. reading time\" \/>\n\t<meta name=\"twitter:data1\" content=\"2 minutes\" \/>\n<script type=\"application\/ld+json\" class=\"yoast-schema-graph\">{\"@context\":\"https:\/\/schema.org\",\"@graph\":[{\"@type\":\"WebPage\",\"@id\":\"https:\/\/elvada.ro\/transport-rutier\/\",\"url\":\"https:\/\/elvada.ro\/transport-rutier\/\",\"name\":\"Elvada - Transport Rutier\",\"isPartOf\":{\"@id\":\"https:\/\/elvada.ro\/en\/#website\"},\"primaryImageOfPage\":{\"@id\":\"https:\/\/elvada.ro\/transport-rutier\/#primaryimage\"},\"image\":{\"@id\":\"https:\/\/elvada.ro\/transport-rutier\/#primaryimage\"},\"thumbnailUrl\":\"https:\/\/elvada.ro\/wp-content\/uploads\/2022\/11\/Truck.jpg\",\"datePublished\":\"2020-11-07T12:49:38+00:00\",\"dateModified\":\"2024-11-22T12:07:15+00:00\",\"description\":\"Transport Rutier - Solu\u021bii profesionale pentru transportul de suprafa\u021b\u0103 cu flot\u0103 auto proprie +40751.267.957\",\"breadcrumb\":{\"@id\":\"https:\/\/elvada.ro\/transport-rutier\/#breadcrumb\"},\"inLanguage\":\"en-US\",\"potentialAction\":[{\"@type\":\"ReadAction\",\"target\":[\"https:\/\/elvada.ro\/transport-rutier\/\"]}]},{\"@type\":\"ImageObject\",\"inLanguage\":\"en-US\",\"@id\":\"https:\/\/elvada.ro\/transport-rutier\/#primaryimage\",\"url\":\"https:\/\/elvada.ro\/wp-content\/uploads\/2022\/11\/Truck.jpg\",\"contentUrl\":\"https:\/\/elvada.ro\/wp-content\/uploads\/2022\/11\/Truck.jpg\"},{\"@type\":\"BreadcrumbList\",\"@id\":\"https:\/\/elvada.ro\/transport-rutier\/#breadcrumb\",\"itemListElement\":[{\"@type\":\"ListItem\",\"position\":1,\"name\":\"Home\",\"item\":\"https:\/\/elvada.ro\/\"},{\"@type\":\"ListItem\",\"position\":2,\"name\":\"Transport Rutier\"}]},{\"@type\":\"WebSite\",\"@id\":\"https:\/\/elvada.ro\/en\/#website\",\"url\":\"https:\/\/elvada.ro\/en\/\",\"name\":\"Elvada Logistics\",\"description\":\"Elvada Company\",\"publisher\":{\"@id\":\"https:\/\/elvada.ro\/en\/#organization\"},\"potentialAction\":[{\"@type\":\"SearchAction\",\"target\":{\"@type\":\"EntryPoint\",\"urlTemplate\":\"https:\/\/elvada.ro\/en\/?s={search_term_string}\"},\"query-input\":{\"@type\":\"PropertyValueSpecification\",\"valueRequired\":true,\"valueName\":\"search_term_string\"}}],\"inLanguage\":\"en-US\"},{\"@type\":\"Organization\",\"@id\":\"https:\/\/elvada.ro\/en\/#organization\",\"name\":\"Elvada Company\",\"url\":\"https:\/\/elvada.ro\/en\/\",\"logo\":{\"@type\":\"ImageObject\",\"inLanguage\":\"en-US\",\"@id\":\"https:\/\/elvada.ro\/en\/#\/schema\/logo\/image\/\",\"url\":\"https:\/\/elvada.ro\/wp-content\/uploads\/2022\/07\/cropped-LOGO_ELVADA.png\",\"contentUrl\":\"https:\/\/elvada.ro\/wp-content\/uploads\/2022\/07\/cropped-LOGO_ELVADA.png\",\"width\":962,\"height\":250,\"caption\":\"Elvada Company\"},\"image\":{\"@id\":\"https:\/\/elvada.ro\/en\/#\/schema\/logo\/image\/\"},\"sameAs\":[\"https:\/\/www.facebook.com\/elvadacompany\"]}]}<\/script>\n<!-- \/ Yoast SEO plugin. -->","yoast_head_json":{"title":"Elvada - Transport Rutier","description":"Transport Rutier - Solu\u021bii profesionale pentru transportul de suprafa\u021b\u0103 cu flot\u0103 auto proprie +40751.267.957","robots":{"index":"index","follow":"follow","max-snippet":"max-snippet:-1","max-image-preview":"max-image-preview:large","max-video-preview":"max-video-preview:-1"},"canonical":"https:\/\/elvada.ro\/en\/transport-rutier\/","og_locale":"en_US","og_type":"article","og_title":"Elvada - Transport Rutier","og_description":"Transport Rutier - Solu\u021bii profesionale pentru transportul de suprafa\u021b\u0103 cu flot\u0103 auto proprie +40751.267.957","og_url":"https:\/\/elvada.ro\/en\/transport-rutier\/","og_site_name":"Elvada Logistics","article_publisher":"https:\/\/www.facebook.com\/elvadacompany","article_modified_time":"2024-11-22T12:07:15+00:00","og_image":[{"url":"https:\/\/elvada.ro\/wp-content\/uploads\/2022\/11\/Truck.jpg","type":"","width":"","height":""}],"twitter_card":"summary_large_image","twitter_misc":{"Est. reading time":"2 minutes"},"schema":{"@context":"https:\/\/schema.org","@graph":[{"@type":"WebPage","@id":"https:\/\/elvada.ro\/transport-rutier\/","url":"https:\/\/elvada.ro\/transport-rutier\/","name":"Elvada - Transport Rutier","isPartOf":{"@id":"https:\/\/elvada.ro\/en\/#website"},"primaryImageOfPage":{"@id":"https:\/\/elvada.ro\/transport-rutier\/#primaryimage"},"image":{"@id":"https:\/\/elvada.ro\/transport-rutier\/#primaryimage"},"thumbnailUrl":"https:\/\/elvada.ro\/wp-content\/uploads\/2022\/11\/Truck.jpg","datePublished":"2020-11-07T12:49:38+00:00","dateModified":"2024-11-22T12:07:15+00:00","description":"Transport Rutier - Solu\u021bii profesionale pentru transportul de suprafa\u021b\u0103 cu flot\u0103 auto proprie +40751.267.957","breadcrumb":{"@id":"https:\/\/elvada.ro\/transport-rutier\/#breadcrumb"},"inLanguage":"en-US","potentialAction":[{"@type":"ReadAction","target":["https:\/\/elvada.ro\/transport-rutier\/"]}]},{"@type":"ImageObject","inLanguage":"en-US","@id":"https:\/\/elvada.ro\/transport-rutier\/#primaryimage","url":"https:\/\/elvada.ro\/wp-content\/uploads\/2022\/11\/Truck.jpg","contentUrl":"https:\/\/elvada.ro\/wp-content\/uploads\/2022\/11\/Truck.jpg"},{"@type":"BreadcrumbList","@id":"https:\/\/elvada.ro\/transport-rutier\/#breadcrumb","itemListElement":[{"@type":"ListItem","position":1,"name":"Home","item":"https:\/\/elvada.ro\/"},{"@type":"ListItem","position":2,"name":"Transport Rutier"}]},{"@type":"WebSite","@id":"https:\/\/elvada.ro\/en\/#website","url":"https:\/\/elvada.ro\/en\/","name":"Elvada Logistics","description":"Elvada Company","publisher":{"@id":"https:\/\/elvada.ro\/en\/#organization"},"potentialAction":[{"@type":"SearchAction","target":{"@type":"EntryPoint","urlTemplate":"https:\/\/elvada.ro\/en\/?s={search_term_string}"},"query-input":{"@type":"PropertyValueSpecification","valueRequired":true,"valueName":"search_term_string"}}],"inLanguage":"en-US"},{"@type":"Organization","@id":"https:\/\/elvada.ro\/en\/#organization","name":"Elvada Company","url":"https:\/\/elvada.ro\/en\/","logo":{"@type":"ImageObject","inLanguage":"en-US","@id":"https:\/\/elvada.ro\/en\/#\/schema\/logo\/image\/","url":"https:\/\/elvada.ro\/wp-content\/uploads\/2022\/07\/cropped-LOGO_ELVADA.png","contentUrl":"https:\/\/elvada.ro\/wp-content\/uploads\/2022\/07\/cropped-LOGO_ELVADA.png","width":962,"height":250,"caption":"Elvada Company"},"image":{"@id":"https:\/\/elvada.ro\/en\/#\/schema\/logo\/image\/"},"sameAs":["https:\/\/www.facebook.com\/elvadacompany"]}]}},"_links":{"self":[{"href":"https:\/\/elvada.ro\/en\/wp-json\/wp\/v2\/pages\/634","targetHints":{"allow":["GET"]}}],"collection":[{"href":"https:\/\/elvada.ro\/en\/wp-json\/wp\/v2\/pages"}],"about":[{"href":"https:\/\/elvada.ro\/en\/wp-json\/wp\/v2\/types\/page"}],"author":[{"embeddable":true,"href":"https:\/\/elvada.ro\/en\/wp-json\/wp\/v2\/users\/1"}],"replies":[{"embeddable":true,"href":"https:\/\/elvada.ro\/en\/wp-json\/wp\/v2\/comments?post=634"}],"version-history":[{"count":126,"href":"https:\/\/elvada.ro\/en\/wp-json\/wp\/v2\/pages\/634\/revisions"}],"predecessor-version":[{"id":4603,"href":"https:\/\/elvada.ro\/en\/wp-json\/wp\/v2\/pages\/634\/revisions\/4603"}],"wp:attachment":[{"href":"https:\/\/elvada.ro\/en\/wp-json\/wp\/v2\/media?parent=634"}],"curies":[{"name":"wp","href":"https:\/\/api.w.org\/{rel}","templated":true}]}}