{"id":1515,"date":"2022-08-23T14:08:35","date_gmt":"2022-08-23T14:08:35","guid":{"rendered":"https:\/\/elvada.ro\/?page_id=1515"},"modified":"2026-04-20T21:55:41","modified_gmt":"2026-04-20T21:55:41","slug":"politica-de-confidentialitate","status":"publish","type":"page","link":"https:\/\/elvada.ro\/en\/politica-de-confidentialitate\/","title":{"rendered":"Politica de confidentialitate"},"content":{"rendered":"<div data-elementor-type=\"wp-page\" data-elementor-id=\"1515\" class=\"elementor elementor-1515\">\n\t\t\t\t\t\t<section class=\"elementor-section elementor-top-section elementor-element elementor-element-5ae5623 elementor-section-boxed elementor-section-height-default elementor-section-height-default\" data-id=\"5ae5623\" data-element_type=\"section\" data-e-type=\"section\">\n\t\t\t\t\t\t<div class=\"elementor-container elementor-column-gap-default\">\n\t\t\t\t\t<div class=\"elementor-column elementor-col-100 elementor-top-column elementor-element elementor-element-278d0fb\" data-id=\"278d0fb\" data-element_type=\"column\" data-e-type=\"column\">\n\t\t\t<div class=\"elementor-widget-wrap elementor-element-populated\">\n\t\t\t\t\t\t<div class=\"elementor-element elementor-element-ddd4a14 elementor-widget elementor-widget-text-editor\" data-id=\"ddd4a14\" data-element_type=\"widget\" data-e-type=\"widget\" data-widget_type=\"text-editor.default\">\n\t\t\t\t<div class=\"elementor-widget-container\">\n\t\t\t\t\t\t\t\t\t<div><div>Elvada Group respect\u0103 confiden\u021bialitatea oric\u0103ror date, informa\u021bii legate de utilizatorul ce interactioneaza cu site-ul nostru \u00een condi\u021biile \u0219i limit\u0103rile impuse de lege. Sistemul nostru informatic v\u0103 pune la dispozi\u021bie metode adecvate pentru protec\u021bia datelor cu caracter personal ale utilizatorilor.<\/div><p>\u00a0<\/p><div>Your access\/visit to this website is subject to the terms and conditions of use and the privacy policy, implies your explicit acceptance of them and represents the entire understanding (contract) between the parties.<\/div><p>\u00a0<\/p><div>In this document, singular words include the plural, plural words include the singular, masculine words include the feminine, and feminine words include the masculine.<\/div><p>\u00a0<\/p><div>Definitions<\/div><p>\u00a0<\/p><div>personal data \u2013 any information relating to an identified or identifiable natural person; an identifiable person is that person who can be identified, directly or indirectly, in particular by reference to an identification number or to one or more factors specific to his physical, physiological, psychological, economic, cultural or social identity;<\/div><p>\u00a0<\/p><div>processing of personal data - any operation or set of operations performed on personal data, by automatic or non-automatic means, such as collection, registration, organization, storage, adaptation or modification, extraction, consultation, use, disclosure to third parties by transmission, dissemination or in any other way, joining or combining, blocking, deleting or destroying;<\/div><p>\u00a0<\/p><div>storage \u2013 keeping the collected personal data on any kind of support;<\/div><p>\u00a0<\/p><div>personal data record system \u2013 any organized structure of personal data, accessible according to certain criteria, regardless of whether this structure is organized in a centralized or decentralized manner or is distributed according to functional or geographical criteria;<\/div><p>\u00a0<\/p><div>operator \u2013 any natural or legal person, under private or public law, including public authorities, institutions and their territorial structures, which establishes the purpose and means of personal data processing;<\/div><p>\u00a0<\/p><div>third party - any natural or legal person, under private or public law, including public authorities, institutions and their territorial structures, other than the data subject, the operator or authorized person or the persons who, under the direct authority of the operator or authorized person, are authorized to process data;<\/div><p>\u00a0<\/p><div>recipient - any natural or legal person, under private or public law, including public authorities, institutions and their territorial structures, to whom data is disclosed, whether or not it is a third party; public authorities to whom data is communicated within a special investigative power will not be considered recipients;<\/div><p>\u00a0<\/p><div>anonymous data \u2013 data that, due to the origin or the specific method of processing, cannot be associated with an identified or identifiable person;<\/div><p>\u00a0<\/p><div>\"business address\" type data - data that includes the name, function, business address, telephone number or e-mail address of an employee of an organization, in this capacity. \"Business address\" type data do not fall into the category of personal data;<\/div><p>\u00a0<\/p><div>statistical data \u2013 data that have been obtained as a result of the processing of personal data by the operator but that cannot be used to identify a person and are used exclusively for statistical and\/or information, promotion purposes.<\/div><p>\u00a0<\/p><div>Processing of confidential data and its confidentiality<\/div><p>\u00a0<\/p><div>Conform cerin\u021belor Legii nr. 677\/2001 pentru protec\u021bia persoanelor cu privire la prelucrarea datelor cu caracter personal \u0219i libera circula\u021bie a acestor date, modificat\u0103 \u0219i completat\u0103 \u0219i ale Legii nr. 506\/2004 privind prelucrarea datelor cu caracter personal \u0219i protec\u021bia vie\u021bii private \u00een sectorul comunica\u021biilor electronice \u0219i OUG 13\/24.04.2012, Elvada Group poate colecta de la dumneavoastr\u0103 date cu caracter personal, dar numai cu acordul dumneavoastr\u0103 \u0219i dac\u0103 acestea sunt furnizate \u00een mod voluntar.<\/div><p>\u00a0<\/p><div>Elvada Group administreaz\u0103 \u00een condi\u021bii de siguran\u021b\u0103 \u0219i numai pentru scopurile specificate, datele personale pe care le furniza\u021bi despre dumneavoastr\u0103 ori despre o alt\u0103 persoan\u0103.<\/div><p>\u00a0<\/p><div>Elvada Group folose\u0219te datele cu caracter personal colectate, inclusiv adresa IP de la care Site-ul este vizitat, configura\u021bia browserului \u0219i loca\u021bia dumneavoastr\u0103, \u00een urm\u0103toarele scopuri:<\/div><p>\u00a0<\/p><div>\u2013 To customize the pages (for example to display the content in the selected language)<\/div><p>\u00a0<\/p><div>\u2013 To ensure that the web page is relevant to your needs.<\/div><p>\u00a0<\/p><div>\u2013 Pentru a livra servicii precum buletinele de \u0219tiri, evenimentele sau produsele pe care le-a\u021bi cerut sau achizi\u021bionat.<\/div><p>\u00a0<\/p><div>\u2013 To help us create and publish the most relevant content for you.<\/div><p>\u00a0<\/p><div>\u2013 To ensure access to restricted access sections of the site.<\/div><p>\u00a0<\/p><div>\u2013 To improve the security of access to the services offered<\/div><p>\u00a0<\/p><div>Collection of personal data on the elvada.ro website<\/div><p>\u00a0<\/p><div>The collection of personal data on the elvada.ro Website is done for the following purposes:<\/div><p>\u00a0<\/p><div>- sending periodic newsletters - with your approval.<\/div><p>\u00a0<\/p><div>The recorded information is intended for use by the operator and is communicated only to the following recipients: contractual partners (if applicable), banks or courier companies.<\/div><p>\u00a0<\/p><div>Personal data may be disclosed without your consent in case of litigation\/disputes regarding payment fraud to the following recipients: Banks involved in online payment processing, International Card Organizations and Service\/Product Providers, respectively according to the provisions of Law 677\/2001 , to the competent institutions. When we are asked to provide personal data or are permitted to do so, only those data necessary to fulfill the purpose of the request will be disclosed.<\/div><p>\u00a0<\/p><div>Elvada Group nu vinde, schimb\u0103 sau \u00eenchiriaz\u0103 date cu caracter personal c\u0103tre ter\u021bi.<\/div><p>\u00a0<\/p><div>Conform Legii nr. 677\/2001, beneficia\u021bi de dreptul de acces, de interven\u021bie asupra datelor, dreptul de a nu fi supus unei decizii individuale \u0219i dreptul de a v\u0103 adresa justi\u021biei. Totodat\u0103, ave\u021bi dreptul s\u0103 v\u0103 opune\u021bi prelucr\u0103rii datelor personale care v\u0103 privesc \u0219i s\u0103 solicita\u021bi \u0219tergerea datelor. Pentru exercitarea acestor drepturi, v\u0103 pute\u021bi adresa cu o cerere scris\u0103, datat\u0103 \u0219i semnat\u0103 la adresa po\u0219tal\u0103 prezentat\u0103 \u00een sec\u021biunea \u201cContact\u201d sau prin e-mail la adresa office@elvada.ro De asemenea, v\u0103 este recunoscut dreptul de a v\u0103 adresa justi\u021biei.<\/div><p>\u00a0<\/p><div>Rules for accessing the site<\/div><p>\u00a0<\/p><div>The use of cookies<\/div><p>\u00a0<\/p><div>We may place a \"cookie\" on your personal computer. A cookie is a small file that our servers send to your computer and that your computer sends back each time you access a page on our website. Cookies help us recognize you when you return, to customize and set the display language according to your requests. We use cookies to collect session data for several purposes, in particular to personalize and improve your individual viewing experiences. Most Internet browsers automatically accept cookies. However, you can dictate to the browser you use, by editing its options, to stop accepting cookies and to warn you before accepting a cookie from the sites you visit. If you decide not to accept our cookies, you will still be able to access those parts of our website that are available to the general public, but you will not be able to view certain information on our website, you will not be able to use certain features designed to improve your experience on our site or access many of the services offered by it.<\/div><p>\u00a0<\/p><div>Beware of Phishing<\/div><p>\u00a0<\/p><div>\"Phishing\" is a technique for stealing sensitive data (especially the card number). This consists in the exact reproduction of a web page which, although identical to the original page, is an imitation. It can also display the Internet address in the address bar. To protect yourself you must check the following:<\/div><p>\u00a0<\/p><div>\u2013 The address of the Internet page must start with https:\/\/<\/div><p>\u00a0<\/p><div>\u2013 In the status bar, at the bottom of the browser, the yellow padlock (indicating that the page is secured) should be displayed and displayed.<\/div><p>\u00a0<\/p><div>\u2013 The browser should not show any security error.<\/div><p>\u00a0<\/p><div>\u2013 The address for which the security certificate was issued must be that of the website. Press the lock.<\/div><p>\u00a0<\/p><div>\u2013 Verify that the security certificate is: \"Issued to: site_name\"<\/div><\/div>\t\t\t\t\t\t\t\t<\/div>\n\t\t\t\t<\/div>\n\t\t\t\t\t<\/div>\n\t\t<\/div>\n\t\t\t\t\t<\/div>\n\t\t<\/section>\n\t\t\t\t<\/div>","protected":false},"excerpt":{"rendered":"<p>Elvada Group respect\u0103 confiden\u021bialitatea oric\u0103ror date, informa\u021bii legate de utilizatorul ce interactioneaza cu site-ul nostru \u00een condi\u021biile \u0219i limit\u0103rile impuse de lege. Sistemul nostru informatic v\u0103 pune la dispozi\u021bie metode adecvate pentru protec\u021bia datelor cu caracter personal ale utilizatorilor. \u00a0 Accesul\/vizitarea acestui website de c\u0103tre dumneavoastr\u0103 se supune termenilor \u0219i condi\u021biilor de utilizare \u0219i politicii [&hellip;]<\/p>\n","protected":false},"author":1,"featured_media":0,"parent":0,"menu_order":0,"comment_status":"closed","ping_status":"closed","template":"","meta":{"footnotes":""},"class_list":["post-1515","page","type-page","status-publish","hentry"],"yoast_head":"<!-- This site is optimized with the Yoast SEO plugin v27.5 - https:\/\/yoast.com\/product\/yoast-seo-wordpress\/ -->\n<title>Politica de confidentialitate - Elvada Company SRL<\/title>\n<meta name=\"robots\" content=\"index, follow, max-snippet:-1, max-image-preview:large, max-video-preview:-1\" \/>\n<link rel=\"canonical\" href=\"https:\/\/elvada.ro\/en\/politica-de-confidentialitate\/\" \/>\n<meta property=\"og:locale\" content=\"en_US\" \/>\n<meta property=\"og:type\" content=\"article\" \/>\n<meta property=\"og:title\" content=\"Politica de confidentialitate - Elvada Company SRL\" \/>\n<meta property=\"og:description\" content=\"Elvada Group respect\u0103 confiden\u021bialitatea oric\u0103ror date, informa\u021bii legate de utilizatorul ce interactioneaza cu site-ul nostru \u00een condi\u021biile \u0219i limit\u0103rile impuse de lege. Sistemul nostru informatic v\u0103 pune la dispozi\u021bie metode adecvate pentru protec\u021bia datelor cu caracter personal ale utilizatorilor. \u00a0 Accesul\/vizitarea acestui website de c\u0103tre dumneavoastr\u0103 se supune termenilor \u0219i condi\u021biilor de utilizare \u0219i politicii [&hellip;]\" \/>\n<meta property=\"og:url\" content=\"https:\/\/elvada.ro\/en\/politica-de-confidentialitate\/\" \/>\n<meta property=\"og:site_name\" content=\"Elvada Logistics\" \/>\n<meta property=\"article:publisher\" content=\"https:\/\/www.facebook.com\/elvadacompany\" \/>\n<meta property=\"article:modified_time\" content=\"2026-04-20T21:55:41+00:00\" \/>\n<meta name=\"twitter:card\" content=\"summary_large_image\" \/>\n<meta name=\"twitter:label1\" content=\"Est. reading time\" \/>\n\t<meta name=\"twitter:data1\" content=\"6 minutes\" \/>\n<script type=\"application\/ld+json\" class=\"yoast-schema-graph\">{\"@context\":\"https:\\\/\\\/schema.org\",\"@graph\":[{\"@type\":\"WebPage\",\"@id\":\"https:\\\/\\\/elvada.ro\\\/politica-de-confidentialitate\\\/\",\"url\":\"https:\\\/\\\/elvada.ro\\\/politica-de-confidentialitate\\\/\",\"name\":\"Politica de confidentialitate - Elvada Company SRL\",\"isPartOf\":{\"@id\":\"https:\\\/\\\/elvada.ro\\\/en\\\/#website\"},\"datePublished\":\"2022-08-23T14:08:35+00:00\",\"dateModified\":\"2026-04-20T21:55:41+00:00\",\"breadcrumb\":{\"@id\":\"https:\\\/\\\/elvada.ro\\\/politica-de-confidentialitate\\\/#breadcrumb\"},\"inLanguage\":\"en-US\",\"potentialAction\":[{\"@type\":\"ReadAction\",\"target\":[\"https:\\\/\\\/elvada.ro\\\/politica-de-confidentialitate\\\/\"]}]},{\"@type\":\"BreadcrumbList\",\"@id\":\"https:\\\/\\\/elvada.ro\\\/politica-de-confidentialitate\\\/#breadcrumb\",\"itemListElement\":[{\"@type\":\"ListItem\",\"position\":1,\"name\":\"Home\",\"item\":\"https:\\\/\\\/elvada.ro\\\/\"},{\"@type\":\"ListItem\",\"position\":2,\"name\":\"Politica de confidentialitate\"}]},{\"@type\":\"WebSite\",\"@id\":\"https:\\\/\\\/elvada.ro\\\/en\\\/#website\",\"url\":\"https:\\\/\\\/elvada.ro\\\/en\\\/\",\"name\":\"Elvada Logistics\",\"description\":\"Elvada Company\",\"publisher\":{\"@id\":\"https:\\\/\\\/elvada.ro\\\/en\\\/#organization\"},\"potentialAction\":[{\"@type\":\"SearchAction\",\"target\":{\"@type\":\"EntryPoint\",\"urlTemplate\":\"https:\\\/\\\/elvada.ro\\\/en\\\/?s={search_term_string}\"},\"query-input\":{\"@type\":\"PropertyValueSpecification\",\"valueRequired\":true,\"valueName\":\"search_term_string\"}}],\"inLanguage\":\"en-US\"},{\"@type\":\"Organization\",\"@id\":\"https:\\\/\\\/elvada.ro\\\/en\\\/#organization\",\"name\":\"Elvada Company\",\"url\":\"https:\\\/\\\/elvada.ro\\\/en\\\/\",\"logo\":{\"@type\":\"ImageObject\",\"inLanguage\":\"en-US\",\"@id\":\"https:\\\/\\\/elvada.ro\\\/en\\\/#\\\/schema\\\/logo\\\/image\\\/\",\"url\":\"https:\\\/\\\/elvada.ro\\\/wp-content\\\/uploads\\\/2022\\\/07\\\/cropped-LOGO_ELVADA.png\",\"contentUrl\":\"https:\\\/\\\/elvada.ro\\\/wp-content\\\/uploads\\\/2022\\\/07\\\/cropped-LOGO_ELVADA.png\",\"width\":962,\"height\":250,\"caption\":\"Elvada Company\"},\"image\":{\"@id\":\"https:\\\/\\\/elvada.ro\\\/en\\\/#\\\/schema\\\/logo\\\/image\\\/\"},\"sameAs\":[\"https:\\\/\\\/www.facebook.com\\\/elvadacompany\"]}]}<\/script>\n<!-- \/ Yoast SEO plugin. -->","yoast_head_json":{"title":"Politica de confidentialitate - Elvada Company SRL","robots":{"index":"index","follow":"follow","max-snippet":"max-snippet:-1","max-image-preview":"max-image-preview:large","max-video-preview":"max-video-preview:-1"},"canonical":"https:\/\/elvada.ro\/en\/politica-de-confidentialitate\/","og_locale":"en_US","og_type":"article","og_title":"Politica de confidentialitate - Elvada Company SRL","og_description":"Elvada Group respect\u0103 confiden\u021bialitatea oric\u0103ror date, informa\u021bii legate de utilizatorul ce interactioneaza cu site-ul nostru \u00een condi\u021biile \u0219i limit\u0103rile impuse de lege. Sistemul nostru informatic v\u0103 pune la dispozi\u021bie metode adecvate pentru protec\u021bia datelor cu caracter personal ale utilizatorilor. \u00a0 Accesul\/vizitarea acestui website de c\u0103tre dumneavoastr\u0103 se supune termenilor \u0219i condi\u021biilor de utilizare \u0219i politicii [&hellip;]","og_url":"https:\/\/elvada.ro\/en\/politica-de-confidentialitate\/","og_site_name":"Elvada Logistics","article_publisher":"https:\/\/www.facebook.com\/elvadacompany","article_modified_time":"2026-04-20T21:55:41+00:00","twitter_card":"summary_large_image","twitter_misc":{"Est. reading time":"6 minutes"},"schema":{"@context":"https:\/\/schema.org","@graph":[{"@type":"WebPage","@id":"https:\/\/elvada.ro\/politica-de-confidentialitate\/","url":"https:\/\/elvada.ro\/politica-de-confidentialitate\/","name":"Politica de confidentialitate - Elvada Company SRL","isPartOf":{"@id":"https:\/\/elvada.ro\/en\/#website"},"datePublished":"2022-08-23T14:08:35+00:00","dateModified":"2026-04-20T21:55:41+00:00","breadcrumb":{"@id":"https:\/\/elvada.ro\/politica-de-confidentialitate\/#breadcrumb"},"inLanguage":"en-US","potentialAction":[{"@type":"ReadAction","target":["https:\/\/elvada.ro\/politica-de-confidentialitate\/"]}]},{"@type":"BreadcrumbList","@id":"https:\/\/elvada.ro\/politica-de-confidentialitate\/#breadcrumb","itemListElement":[{"@type":"ListItem","position":1,"name":"Home","item":"https:\/\/elvada.ro\/"},{"@type":"ListItem","position":2,"name":"Politica de confidentialitate"}]},{"@type":"WebSite","@id":"https:\/\/elvada.ro\/en\/#website","url":"https:\/\/elvada.ro\/en\/","name":"Elvada Logistics","description":"Elvada Company","publisher":{"@id":"https:\/\/elvada.ro\/en\/#organization"},"potentialAction":[{"@type":"SearchAction","target":{"@type":"EntryPoint","urlTemplate":"https:\/\/elvada.ro\/en\/?s={search_term_string}"},"query-input":{"@type":"PropertyValueSpecification","valueRequired":true,"valueName":"search_term_string"}}],"inLanguage":"en-US"},{"@type":"Organization","@id":"https:\/\/elvada.ro\/en\/#organization","name":"Elvada Company","url":"https:\/\/elvada.ro\/en\/","logo":{"@type":"ImageObject","inLanguage":"en-US","@id":"https:\/\/elvada.ro\/en\/#\/schema\/logo\/image\/","url":"https:\/\/elvada.ro\/wp-content\/uploads\/2022\/07\/cropped-LOGO_ELVADA.png","contentUrl":"https:\/\/elvada.ro\/wp-content\/uploads\/2022\/07\/cropped-LOGO_ELVADA.png","width":962,"height":250,"caption":"Elvada Company"},"image":{"@id":"https:\/\/elvada.ro\/en\/#\/schema\/logo\/image\/"},"sameAs":["https:\/\/www.facebook.com\/elvadacompany"]}]}},"_links":{"self":[{"href":"https:\/\/elvada.ro\/en\/wp-json\/wp\/v2\/pages\/1515","targetHints":{"allow":["GET"]}}],"collection":[{"href":"https:\/\/elvada.ro\/en\/wp-json\/wp\/v2\/pages"}],"about":[{"href":"https:\/\/elvada.ro\/en\/wp-json\/wp\/v2\/types\/page"}],"author":[{"embeddable":true,"href":"https:\/\/elvada.ro\/en\/wp-json\/wp\/v2\/users\/1"}],"replies":[{"embeddable":true,"href":"https:\/\/elvada.ro\/en\/wp-json\/wp\/v2\/comments?post=1515"}],"version-history":[{"count":14,"href":"https:\/\/elvada.ro\/en\/wp-json\/wp\/v2\/pages\/1515\/revisions"}],"predecessor-version":[{"id":5157,"href":"https:\/\/elvada.ro\/en\/wp-json\/wp\/v2\/pages\/1515\/revisions\/5157"}],"wp:attachment":[{"href":"https:\/\/elvada.ro\/en\/wp-json\/wp\/v2\/media?parent=1515"}],"curies":[{"name":"wp","href":"https:\/\/api.w.org\/{rel}","templated":true}]}}