{"id":1398,"date":"2022-08-16T18:10:59","date_gmt":"2022-08-16T18:10:59","guid":{"rendered":"https:\/\/elvada.ro\/?page_id=1398"},"modified":"2024-11-22T12:07:28","modified_gmt":"2024-11-22T12:07:28","slug":"utilaje","status":"publish","type":"page","link":"https:\/\/elvada.ro\/en\/utilaje\/","title":{"rendered":"Heavy Machinery"},"content":{"rendered":"<div data-elementor-type=\"wp-page\" data-elementor-id=\"1398\" class=\"elementor elementor-1398\">\n\t\t\t\t\t\t<section class=\"elementor-section elementor-top-section elementor-element elementor-element-21917cb elementor-section-full_width elementor-section-stretched elementor-section-height-default elementor-section-height-default\" data-id=\"21917cb\" data-element_type=\"section\" data-e-type=\"section\" data-settings=\"{&quot;stretch_section&quot;:&quot;section-stretched&quot;}\">\n\t\t\t\t\t\t<div class=\"elementor-container elementor-column-gap-default\">\n\t\t\t\t\t<div class=\"elementor-column elementor-col-100 elementor-top-column elementor-element elementor-element-9f5ab49\" data-id=\"9f5ab49\" data-element_type=\"column\" data-e-type=\"column\">\n\t\t\t<div class=\"elementor-widget-wrap elementor-element-populated\">\n\t\t\t\t\t\t<div class=\"elementor-element elementor-element-46ce61a elementor-widget elementor-widget-transida_banner_v4\" data-id=\"46ce61a\" data-element_type=\"widget\" data-e-type=\"widget\" data-widget_type=\"transida_banner_v4.default\">\n\t\t\t\t<div class=\"elementor-widget-container\">\n\t\t\t\t\t        \n        <!-- Bnner Section Two -->\n        <section class=\"banner-section-two\" style=\"background-image: url(https:\/\/elvada.ro\/wp-content\/uploads\/2022\/11\/Utilaje-4.jpg);\">\n           <div class=\"auto-container\">\n                <div class=\"text-block\">\n                    <h4>Elvada Utilaje<\/h4>\n                    <h1>Machines Rental<\/h1>\n                    <div class=\"text\"><\/div>\n                    <div class=\"icon-box-wrapper\">\n                                                <div class=\"icon-box\">\n                                                        <h5><\/h5>\n                        <\/div>\n                                            <\/div>\n                    <div class=\"link-box\">\n                        <a href=\"https:\/\/elvada.ro\/en\/galerie-utilaje\/\" class=\"theme-btn btn-style-one\"><span><i class=\"flaticon-up-arrow\"><\/i>View Gallery <\/span><\/a>\n                    <\/div>\n                <\/div>\n            <\/div>\n        <\/section>\n        <!-- End Bnner Section -->\n            \n\t\t\t\t\t\t<\/div>\n\t\t\t\t<\/div>\n\t\t\t\t\t<\/div>\n\t\t<\/div>\n\t\t\t\t\t<\/div>\n\t\t<\/section>\n\t\t\t\t<section class=\"elementor-section elementor-top-section elementor-element elementor-element-504ea4c0 elementor-section-full_width elementor-section-height-default elementor-section-height-default\" data-id=\"504ea4c0\" data-element_type=\"section\" data-e-type=\"section\">\n\t\t\t\t\t\t<div class=\"elementor-container elementor-column-gap-default\">\n\t\t\t\t\t<div class=\"elementor-column elementor-col-100 elementor-top-column elementor-element elementor-element-40e589d4\" data-id=\"40e589d4\" data-element_type=\"column\" data-e-type=\"column\">\n\t\t\t<div class=\"elementor-widget-wrap elementor-element-populated\">\n\t\t\t\t\t\t<div class=\"elementor-element elementor-element-49a847af elementor-widget elementor-widget-transida_service_single\" data-id=\"49a847af\" data-element_type=\"widget\" data-e-type=\"widget\" data-widget_type=\"transida_service_single.default\">\n\t\t\t\t<div class=\"elementor-widget-container\">\n\t\t\t\t\t        \n        <!-- service details -->\n        <section class=\"service-details\">\n            <div class=\"auto-container\">\n                <div class=\"row\">\n                    <div class=\"col-lg-8 content-side order-lg-2\">\n                        <div class=\"image-block\">\n                            <div class=\"row\">\n                                                                <div class=\"col-lg-6\">\n                                    <div class=\"image\">\n                                        <img decoding=\"async\" src=\"https:\/\/elvada.ro\/wp-content\/uploads\/2022\/11\/Utilaje-1.jpg\" alt=\"Awesome Image\">\n                                        <div class=\"text-block\">\n                                            <h4>Heavy Machinery<\/h4>\n                                            <div class=\"text\">Utilaje u\u0219oare, grele \u0219i macarale<\/div>\n                                        <\/div>\n                                    <\/div>\n                                <\/div>\n                                                                                            <\/div> \n                        <\/div> \n                                                <div class=\"text-block-two\">\n                            <h3>Presentation<\/h3>\n                            <div class=\"text\">Our company deals with logistics in construction with the help of several machines intended for excavations for block foundations, excavations for water or sewerage branches, transport and handling of oversized products <p><\/p>We identified the lack of a reliable construction partner on the market and mobilized to form a transparent and efficient system to provide construction logistics services.<p><\/p> Planning is crucial for any logistics project, and your budget depends on the on-time delivery of services. \n<p><\/p> \nTot ce trebuie s\u0103 faci este s\u0103 ne contactezi pentru a stabili detaliile \u0219i noi v\u0103 trimitem utilajele de care ave\u021bi nevoie \u00een cel mai scurt timp.\n<\/div>\n                        <\/div>\n                        <div class=\"facts-counter\">\n                            <div class=\"row\">\n                                                                <!--Column-->\n                                <div class=\"column counter-column col-md-6\">\n                                    <div class=\"inner wow fadeInLeft\" data-wow-delay=\"0ms\" data-wow-duration=\"1500ms\">\n                                        <div class=\"content\">\n                                                                                        <h5><\/h5>\n                                            <div class=\"count-outer count-box\">\n                                                <span class=\"count-text\" data-speed=\"3000\" data-stop=\"\"><\/span>                                            <\/div>\n                                            <div class=\"text\"><\/div>\n                                        <\/div>\n                                    <\/div>\n                                <\/div>\n                                <!--Column-->\n                                                            <\/div>\n                        <\/div> \n                                                               \n                                                                        <div class=\"features\">\n                            <h3>Important benefits<\/h3>\n                            <div class=\"text\"><\/div>\n                            \n                            <div class=\"row\">\n                                                                <div class=\"col-md-3 col-sm-6\">\n                                    <div class=\"icon-box\">\n                                        <div class=\"icon\"><span class=\"fa fa-file-contract\"><\/span><\/div>\n                                        <h4>Machines Rental<\/h4>\n                                    <\/div>\n                                <\/div>\n                                                                <div class=\"col-md-3 col-sm-6\">\n                                    <div class=\"icon-box\">\n                                        <div class=\"icon\"><span class=\"fa fa-hard-hat\"><\/span><\/div>\n                                        <h4>Project Manager<\/h4>\n                                    <\/div>\n                                <\/div>\n                                                                <div class=\"col-md-3 col-sm-6\">\n                                    <div class=\"icon-box\">\n                                        <div class=\"icon\"><span class=\"fa fa-feather-alt\"><\/span><\/div>\n                                        <h4>New\/Mantained machines<\/h4>\n                                    <\/div>\n                                <\/div>\n                                                            <\/div>\n                        <\/div>\n                                            <\/div>\n                    \n                                        <aside class=\"col-lg-4\">\n                        <div class=\"service-sidebar\">\n                        \t<div id=\"transida_services_sidebar-1\" class=\"service-widget widget_transida_services_sidebar\">\t\t\n        <!--Start Single sidebar-->\n        <div class=\"widget_categories-two\">\n            <h4 class=\"widget_title\">Elvada Freight and Logistics ~ Elvada Shipping &#038; Trading<\/h4>            <div class=\"widget-content\">\n                <ul class=\"categories-list\">\n                            \n           \t<!-- Title -->\n                        <li><a href=\"https:\/\/elvada.ro\/en\/transport-maritim\/\"><i class=\"fa fa-ship\"><\/i>Sea Freight <\/a><\/li>\n                        <li><a href=\"https:\/\/elvada.ro\/en\/transport-rutier\/\"><i class=\"fa fa-truck-moving\"><\/i>Road Freight <\/a><\/li>\n                        <li><a href=\"https:\/\/elvada.ro\/en\/transport-aerian\/\"><i class=\"fa fa-plane-departure\"><\/i>Air Freight <\/a><\/li>\n                            \n                        <\/ul>\n            <\/div>\n        <\/div>\n                \n        <\/div><div id=\"transida_services_sidebar-2\" class=\"service-widget widget_transida_services_sidebar\">\t\t\n        <!--Start Single sidebar-->\n        <div class=\"widget_categories-two\">\n            <h4 class=\"widget_title\">Logistic Solutions<\/h4>            <div class=\"widget-content\">\n                <ul class=\"categories-list\">\n                            \n           \t<!-- Title -->\n                        <li><a href=\"https:\/\/elvada.ro\/en\/antrepozitare\/\"><i class=\"fa fa-route-interstate\"><\/i>Customs warehousing <\/a><\/li>\n                        <li><a href=\"https:\/\/elvada.ro\/en\/depozitare\/\"><i class=\"fa fa-warehouse\"><\/i>Warehousing <\/a><\/li>\n                        <li><a href=\"https:\/\/elvada.ro\/en\/comisionariat-vamal\/\"><i class=\"fa fa-file-contract\"><\/i>Elvada Brokers <\/a><\/li>\n                        <li><a href=\"https:\/\/elvada.ro\/en\/utilaje\/\"><i class=\"fa fa-building\"><\/i>Elvada Utilaje <\/a><\/li>\n                            \n                        <\/ul>\n            <\/div>\n        <\/div>\n                \n        <\/div>                        <\/div>\n                    <\/aside>\n                                    <\/div>\n            <\/div>\n        <\/section>\n         \n\t\t\t\t\t\t<\/div>\n\t\t\t\t<\/div>\n\t\t\t\t\t<\/div>\n\t\t<\/div>\n\t\t\t\t\t<\/div>\n\t\t<\/section>\n\t\t\t\t<section class=\"elementor-section elementor-top-section elementor-element elementor-element-9995d44 elementor-section-boxed elementor-section-height-default elementor-section-height-default\" data-id=\"9995d44\" data-element_type=\"section\" data-e-type=\"section\">\n\t\t\t\t\t\t<div class=\"elementor-container elementor-column-gap-default\">\n\t\t\t\t\t<div class=\"elementor-column elementor-col-100 elementor-top-column elementor-element elementor-element-37eec4f\" data-id=\"37eec4f\" data-element_type=\"column\" data-e-type=\"column\">\n\t\t\t<div class=\"elementor-widget-wrap elementor-element-populated\">\n\t\t\t\t\t\t<div class=\"elementor-element elementor-element-ef969c5 elementor-widget elementor-widget-transida_contact_us\" data-id=\"ef969c5\" data-element_type=\"widget\" data-e-type=\"widget\" data-widget_type=\"transida_contact_us.default\">\n\t\t\t\t<div class=\"elementor-widget-container\">\n\t\t\t\t\t        \n        <!-- Contact form section -->\n        <section class=\"contact-form-section\">\n            <div class=\"auto-container\">\n                <div class=\"sec-title text-center\">\n                    <div class=\"sub-title\">Logistics Department<\/div>\n                    <h2>Daniel Geoge<\/h2>\n                    <div class=\"text\"><ul>\n                                            <li>Phone <a href=\"tel:+40753099150\"><span>(+40)753 099 150<\/span><\/a><\/li>\n                                           \n                                            <li><\/li>\n                                        <\/ul><\/div>\n                <\/div>\n                <!--Contact Form-->\n                <div class=\"contact-form\">\n                                    <\/div>\n                <!--End Contact Form-->\n            <\/div>\n        <\/section>\n               \n\t\t\t\t\t\t<\/div>\n\t\t\t\t<\/div>\n\t\t\t\t\t<\/div>\n\t\t<\/div>\n\t\t\t\t\t<\/div>\n\t\t<\/section>\n\t\t\t\t<\/div>","protected":false},"excerpt":{"rendered":"<p>Elvada Utilaje Inchiriem Utilaje Vezi Galeria Utilaje Utilaje u\u0219oare, grele \u0219i macarale Prezentare Compania noastr\u0103 se ocup\u0103 de logistica \u00een construc\u021bii cu ajutorul a mai multor utilaje destinate s\u0103p\u0103turilor pentru funda\u021bii de blocuri, s\u0103p\u0103turilor pentru bran\u0219amente de ap\u0103 sau canalizare, transportului \u0219i manipul\u0103rii de produse agabaritice Am identificat lipsa pe pia\u021b\u0103 a unui partener de [&hellip;]<\/p>\n","protected":false},"author":1,"featured_media":1412,"parent":0,"menu_order":0,"comment_status":"closed","ping_status":"closed","template":"","meta":{"footnotes":""},"class_list":["post-1398","page","type-page","status-publish","has-post-thumbnail","hentry"],"yoast_head":"<!-- This site is optimized with the Yoast SEO plugin v27.5 - https:\/\/yoast.com\/product\/yoast-seo-wordpress\/ -->\n<title>Elvada - Macarale si Utilaje Grele<\/title>\n<meta name=\"description\" content=\"Elvada v\u0103 pune la dispozi\u021bie orice echipament \u0219i personalul necesar pentru a rezolva orice situa\u021bie\" \/>\n<meta name=\"robots\" content=\"index, follow, max-snippet:-1, max-image-preview:large, max-video-preview:-1\" \/>\n<link rel=\"canonical\" href=\"https:\/\/elvada.ro\/en\/utilaje\/\" \/>\n<meta property=\"og:locale\" content=\"en_US\" \/>\n<meta property=\"og:type\" content=\"article\" \/>\n<meta property=\"og:title\" content=\"Elvada - Macarale si Utilaje Grele\" \/>\n<meta property=\"og:description\" content=\"Elvada v\u0103 pune la dispozi\u021bie orice echipament \u0219i personalul necesar pentru a rezolva orice situa\u021bie\" \/>\n<meta property=\"og:url\" content=\"https:\/\/elvada.ro\/en\/utilaje\/\" \/>\n<meta property=\"og:site_name\" content=\"Elvada Logistics\" \/>\n<meta property=\"article:publisher\" content=\"https:\/\/www.facebook.com\/elvadacompany\" \/>\n<meta property=\"article:modified_time\" content=\"2024-11-22T12:07:28+00:00\" \/>\n<meta property=\"og:image\" content=\"https:\/\/elvada.ro\/wp-content\/uploads\/2022\/08\/container-stacking-in-warehouse-2022-08-01-04-29-42-utc-scaled.jpg\" \/>\n\t<meta property=\"og:image:width\" content=\"2560\" \/>\n\t<meta property=\"og:image:height\" content=\"1709\" \/>\n\t<meta property=\"og:image:type\" content=\"image\/jpeg\" \/>\n<meta name=\"twitter:card\" content=\"summary_large_image\" \/>\n<meta name=\"twitter:label1\" content=\"Est. reading time\" \/>\n\t<meta name=\"twitter:data1\" content=\"1 minute\" \/>\n<script type=\"application\/ld+json\" class=\"yoast-schema-graph\">{\"@context\":\"https:\\\/\\\/schema.org\",\"@graph\":[{\"@type\":\"WebPage\",\"@id\":\"https:\\\/\\\/elvada.ro\\\/utilaje\\\/\",\"url\":\"https:\\\/\\\/elvada.ro\\\/utilaje\\\/\",\"name\":\"Elvada - Macarale si Utilaje Grele\",\"isPartOf\":{\"@id\":\"https:\\\/\\\/elvada.ro\\\/en\\\/#website\"},\"primaryImageOfPage\":{\"@id\":\"https:\\\/\\\/elvada.ro\\\/utilaje\\\/#primaryimage\"},\"image\":{\"@id\":\"https:\\\/\\\/elvada.ro\\\/utilaje\\\/#primaryimage\"},\"thumbnailUrl\":\"https:\\\/\\\/elvada.ro\\\/wp-content\\\/uploads\\\/2022\\\/08\\\/container-stacking-in-warehouse-2022-08-01-04-29-42-utc-scaled.jpg\",\"datePublished\":\"2022-08-16T18:10:59+00:00\",\"dateModified\":\"2024-11-22T12:07:28+00:00\",\"description\":\"Elvada v\u0103 pune la dispozi\u021bie orice echipament \u0219i personalul necesar pentru a rezolva orice situa\u021bie\",\"breadcrumb\":{\"@id\":\"https:\\\/\\\/elvada.ro\\\/utilaje\\\/#breadcrumb\"},\"inLanguage\":\"en-US\",\"potentialAction\":[{\"@type\":\"ReadAction\",\"target\":[\"https:\\\/\\\/elvada.ro\\\/utilaje\\\/\"]}]},{\"@type\":\"ImageObject\",\"inLanguage\":\"en-US\",\"@id\":\"https:\\\/\\\/elvada.ro\\\/utilaje\\\/#primaryimage\",\"url\":\"https:\\\/\\\/elvada.ro\\\/wp-content\\\/uploads\\\/2022\\\/08\\\/container-stacking-in-warehouse-2022-08-01-04-29-42-utc-scaled.jpg\",\"contentUrl\":\"https:\\\/\\\/elvada.ro\\\/wp-content\\\/uploads\\\/2022\\\/08\\\/container-stacking-in-warehouse-2022-08-01-04-29-42-utc-scaled.jpg\",\"width\":2560,\"height\":1709,\"caption\":\"Container stacking in warehouse.\"},{\"@type\":\"BreadcrumbList\",\"@id\":\"https:\\\/\\\/elvada.ro\\\/utilaje\\\/#breadcrumb\",\"itemListElement\":[{\"@type\":\"ListItem\",\"position\":1,\"name\":\"Home\",\"item\":\"https:\\\/\\\/elvada.ro\\\/\"},{\"@type\":\"ListItem\",\"position\":2,\"name\":\"Utilaje\"}]},{\"@type\":\"WebSite\",\"@id\":\"https:\\\/\\\/elvada.ro\\\/en\\\/#website\",\"url\":\"https:\\\/\\\/elvada.ro\\\/en\\\/\",\"name\":\"Elvada Logistics\",\"description\":\"Elvada Company\",\"publisher\":{\"@id\":\"https:\\\/\\\/elvada.ro\\\/en\\\/#organization\"},\"potentialAction\":[{\"@type\":\"SearchAction\",\"target\":{\"@type\":\"EntryPoint\",\"urlTemplate\":\"https:\\\/\\\/elvada.ro\\\/en\\\/?s={search_term_string}\"},\"query-input\":{\"@type\":\"PropertyValueSpecification\",\"valueRequired\":true,\"valueName\":\"search_term_string\"}}],\"inLanguage\":\"en-US\"},{\"@type\":\"Organization\",\"@id\":\"https:\\\/\\\/elvada.ro\\\/en\\\/#organization\",\"name\":\"Elvada Company\",\"url\":\"https:\\\/\\\/elvada.ro\\\/en\\\/\",\"logo\":{\"@type\":\"ImageObject\",\"inLanguage\":\"en-US\",\"@id\":\"https:\\\/\\\/elvada.ro\\\/en\\\/#\\\/schema\\\/logo\\\/image\\\/\",\"url\":\"https:\\\/\\\/elvada.ro\\\/wp-content\\\/uploads\\\/2022\\\/07\\\/cropped-LOGO_ELVADA.png\",\"contentUrl\":\"https:\\\/\\\/elvada.ro\\\/wp-content\\\/uploads\\\/2022\\\/07\\\/cropped-LOGO_ELVADA.png\",\"width\":962,\"height\":250,\"caption\":\"Elvada Company\"},\"image\":{\"@id\":\"https:\\\/\\\/elvada.ro\\\/en\\\/#\\\/schema\\\/logo\\\/image\\\/\"},\"sameAs\":[\"https:\\\/\\\/www.facebook.com\\\/elvadacompany\"]}]}<\/script>\n<!-- \/ Yoast SEO plugin. -->","yoast_head_json":{"title":"Elvada - Macarale si Utilaje Grele","description":"Elvada v\u0103 pune la dispozi\u021bie orice echipament \u0219i personalul necesar pentru a rezolva orice situa\u021bie","robots":{"index":"index","follow":"follow","max-snippet":"max-snippet:-1","max-image-preview":"max-image-preview:large","max-video-preview":"max-video-preview:-1"},"canonical":"https:\/\/elvada.ro\/en\/utilaje\/","og_locale":"en_US","og_type":"article","og_title":"Elvada - Macarale si Utilaje Grele","og_description":"Elvada v\u0103 pune la dispozi\u021bie orice echipament \u0219i personalul necesar pentru a rezolva orice situa\u021bie","og_url":"https:\/\/elvada.ro\/en\/utilaje\/","og_site_name":"Elvada Logistics","article_publisher":"https:\/\/www.facebook.com\/elvadacompany","article_modified_time":"2024-11-22T12:07:28+00:00","og_image":[{"width":2560,"height":1709,"url":"https:\/\/elvada.ro\/wp-content\/uploads\/2022\/08\/container-stacking-in-warehouse-2022-08-01-04-29-42-utc-scaled.jpg","type":"image\/jpeg"}],"twitter_card":"summary_large_image","twitter_misc":{"Est. reading time":"1 minute"},"schema":{"@context":"https:\/\/schema.org","@graph":[{"@type":"WebPage","@id":"https:\/\/elvada.ro\/utilaje\/","url":"https:\/\/elvada.ro\/utilaje\/","name":"Elvada - Macarale si Utilaje Grele","isPartOf":{"@id":"https:\/\/elvada.ro\/en\/#website"},"primaryImageOfPage":{"@id":"https:\/\/elvada.ro\/utilaje\/#primaryimage"},"image":{"@id":"https:\/\/elvada.ro\/utilaje\/#primaryimage"},"thumbnailUrl":"https:\/\/elvada.ro\/wp-content\/uploads\/2022\/08\/container-stacking-in-warehouse-2022-08-01-04-29-42-utc-scaled.jpg","datePublished":"2022-08-16T18:10:59+00:00","dateModified":"2024-11-22T12:07:28+00:00","description":"Elvada v\u0103 pune la dispozi\u021bie orice echipament \u0219i personalul necesar pentru a rezolva orice situa\u021bie","breadcrumb":{"@id":"https:\/\/elvada.ro\/utilaje\/#breadcrumb"},"inLanguage":"en-US","potentialAction":[{"@type":"ReadAction","target":["https:\/\/elvada.ro\/utilaje\/"]}]},{"@type":"ImageObject","inLanguage":"en-US","@id":"https:\/\/elvada.ro\/utilaje\/#primaryimage","url":"https:\/\/elvada.ro\/wp-content\/uploads\/2022\/08\/container-stacking-in-warehouse-2022-08-01-04-29-42-utc-scaled.jpg","contentUrl":"https:\/\/elvada.ro\/wp-content\/uploads\/2022\/08\/container-stacking-in-warehouse-2022-08-01-04-29-42-utc-scaled.jpg","width":2560,"height":1709,"caption":"Container stacking in warehouse."},{"@type":"BreadcrumbList","@id":"https:\/\/elvada.ro\/utilaje\/#breadcrumb","itemListElement":[{"@type":"ListItem","position":1,"name":"Home","item":"https:\/\/elvada.ro\/"},{"@type":"ListItem","position":2,"name":"Utilaje"}]},{"@type":"WebSite","@id":"https:\/\/elvada.ro\/en\/#website","url":"https:\/\/elvada.ro\/en\/","name":"Elvada Logistics","description":"Elvada Company","publisher":{"@id":"https:\/\/elvada.ro\/en\/#organization"},"potentialAction":[{"@type":"SearchAction","target":{"@type":"EntryPoint","urlTemplate":"https:\/\/elvada.ro\/en\/?s={search_term_string}"},"query-input":{"@type":"PropertyValueSpecification","valueRequired":true,"valueName":"search_term_string"}}],"inLanguage":"en-US"},{"@type":"Organization","@id":"https:\/\/elvada.ro\/en\/#organization","name":"Elvada Company","url":"https:\/\/elvada.ro\/en\/","logo":{"@type":"ImageObject","inLanguage":"en-US","@id":"https:\/\/elvada.ro\/en\/#\/schema\/logo\/image\/","url":"https:\/\/elvada.ro\/wp-content\/uploads\/2022\/07\/cropped-LOGO_ELVADA.png","contentUrl":"https:\/\/elvada.ro\/wp-content\/uploads\/2022\/07\/cropped-LOGO_ELVADA.png","width":962,"height":250,"caption":"Elvada Company"},"image":{"@id":"https:\/\/elvada.ro\/en\/#\/schema\/logo\/image\/"},"sameAs":["https:\/\/www.facebook.com\/elvadacompany"]}]}},"_links":{"self":[{"href":"https:\/\/elvada.ro\/en\/wp-json\/wp\/v2\/pages\/1398","targetHints":{"allow":["GET"]}}],"collection":[{"href":"https:\/\/elvada.ro\/en\/wp-json\/wp\/v2\/pages"}],"about":[{"href":"https:\/\/elvada.ro\/en\/wp-json\/wp\/v2\/types\/page"}],"author":[{"embeddable":true,"href":"https:\/\/elvada.ro\/en\/wp-json\/wp\/v2\/users\/1"}],"replies":[{"embeddable":true,"href":"https:\/\/elvada.ro\/en\/wp-json\/wp\/v2\/comments?post=1398"}],"version-history":[{"count":82,"href":"https:\/\/elvada.ro\/en\/wp-json\/wp\/v2\/pages\/1398\/revisions"}],"predecessor-version":[{"id":4606,"href":"https:\/\/elvada.ro\/en\/wp-json\/wp\/v2\/pages\/1398\/revisions\/4606"}],"wp:featuredmedia":[{"embeddable":true,"href":"https:\/\/elvada.ro\/en\/wp-json\/wp\/v2\/media\/1412"}],"wp:attachment":[{"href":"https:\/\/elvada.ro\/en\/wp-json\/wp\/v2\/media?parent=1398"}],"curies":[{"name":"wp","href":"https:\/\/api.w.org\/{rel}","templated":true}]}}